{"id":676,"date":"2018-06-05T16:36:07","date_gmt":"2018-06-05T16:36:07","guid":{"rendered":"http:\/\/www.kanzasarl.com\/?page_id=676"},"modified":"2025-08-21T11:27:00","modified_gmt":"2025-08-21T11:27:00","slug":"qui-sommes-nous","status":"publish","type":"page","link":"https:\/\/www.kanzasarl.com\/en\/a-propos\/qui-sommes-nous\/","title":{"rendered":"Who are we?"},"content":{"rendered":"<p>Kanza Sarl is an electrical subcontracting company located in Douala, Cameroon (Africa).<\/p>\n\n\n\n<h2 class=\"wp-block-heading\">Our mission<\/h2>\n\n\n\n<p>Our mission is to create and deliver quality services, contributing to a more enjoyable lifestyle for our customers and the community we serve. With customer satisfaction as our primary concern, our mission is to provide continuous and safe energy, and also to contribute to the well-being and economic development of the communities we serve. With 21 years of experience in the maintenance and servicing of electricity distribution networks, we are able to obtain the best equipment available and supply it to the best in the industry. This winning combination allows you to benefit from exceptional service and expertise.<\/p>\n\n\n\n<h2 class=\"wp-block-heading\">Values<\/h2>\n\n\n\n<p>Our mindset summarizes the behavior expected of each member of our team, including our attitude, words and actions in the context of our interactions with each other or with our external stakeholders every day across the country.<\/p>\n\n\n\n<p>The values \u200b\u200bof KANZA SARL are:<\/p>\n\n\n\n<ul class=\"wp-block-list\">\n<li>Act professionally in one's activities in a very competent manner Enthusiasm, love our work to satisfy our customers<\/li>\n\n\n\n<li>Quality: rigor, the constant search for improvement of our services and our procedures has allowed us to build a strong and recognized image, and to ensure within our company a unifying and inspiring corporate culture.<\/li>\n\n\n\n<li>Respect for commitments: the great trust that KANZA SARL customers and partners have in them is due to the respect of commitments. Doing better than our contractual commitments remains one of the strong ideas of our company.<\/li>\n<\/ul>\n\n\n\n<p><\/p>","protected":false},"excerpt":{"rendered":"<p>Kanza Sarl est une entreprise de sous-traitance \u00e9lectrique situ\u00e9e \u00e0 Douala au Cameroun (Afrique). Notre mission Notre mission est de cr\u00e9er et d&rsquo;offrir des services de qualit\u00e9, de contribuer \u00e0 un style de vie plus agr\u00e9able pour nos clients et la communaut\u00e9 que nous servons. Avec le premier souci de satisfaire nos clients, notre mission [&hellip;]<\/p>","protected":false},"author":1,"featured_media":148,"parent":680,"menu_order":0,"comment_status":"closed","ping_status":"closed","template":"page-with-sub-menu","meta":{"footnotes":""},"class_list":["post-676","page","type-page","status-publish","has-post-thumbnail","hentry"],"yoast_head":"<!-- This site is optimized with the Yoast SEO plugin v27.5 - https:\/\/yoast.com\/product\/yoast-seo-wordpress\/ -->\n<title>Qui sommes nous ? - KANZA SARL<\/title>\n<meta name=\"description\" content=\"&quot;nous sommes une entreprise camerounaise sp\u00e9cialis\u00e9e dans le r\u00e9seaux \u00e9lectrique. D\u00e9couvrez notre mission, nos valeurs et notre expertise.&quot;\" \/>\n<meta name=\"robots\" content=\"index, follow, max-snippet:-1, max-image-preview:large, max-video-preview:-1\" \/>\n<link rel=\"canonical\" href=\"https:\/\/www.kanzasarl.com\/en\/a-propos\/qui-sommes-nous\/\" \/>\n<meta property=\"og:locale\" content=\"en_GB\" \/>\n<meta property=\"og:type\" content=\"article\" \/>\n<meta property=\"og:title\" content=\"Qui sommes nous ? - KANZA SARL\" \/>\n<meta property=\"og:description\" content=\"&quot;nous sommes une entreprise camerounaise sp\u00e9cialis\u00e9e dans le r\u00e9seaux \u00e9lectrique. D\u00e9couvrez notre mission, nos valeurs et notre expertise.&quot;\" \/>\n<meta property=\"og:url\" content=\"https:\/\/www.kanzasarl.com\/en\/a-propos\/qui-sommes-nous\/\" \/>\n<meta property=\"og:site_name\" content=\"KANZA SARL\" \/>\n<meta property=\"article:publisher\" content=\"https:\/\/web.facebook.com\/CameroonEnergy\" \/>\n<meta property=\"article:modified_time\" content=\"2025-08-21T11:27:00+00:00\" \/>\n<meta property=\"og:image\" content=\"https:\/\/www.kanzasarl.com\/wp-content\/uploads\/2017\/10\/22751129_10159432405160321_622932255_o2.jpg\" \/>\n\t<meta property=\"og:image:width\" content=\"1422\" \/>\n\t<meta property=\"og:image:height\" content=\"692\" \/>\n\t<meta property=\"og:image:type\" content=\"image\/jpeg\" \/>\n<meta name=\"twitter:card\" content=\"summary_large_image\" \/>\n<meta name=\"twitter:label1\" content=\"Estimated reading time\" \/>\n\t<meta name=\"twitter:data1\" content=\"2 minutes\" \/>\n<script type=\"application\/ld+json\" class=\"yoast-schema-graph\">{\"@context\":\"https:\\\/\\\/schema.org\",\"@graph\":[{\"@type\":\"WebPage\",\"@id\":\"https:\\\/\\\/www.kanzasarl.com\\\/a-propos\\\/qui-sommes-nous\\\/\",\"url\":\"https:\\\/\\\/www.kanzasarl.com\\\/a-propos\\\/qui-sommes-nous\\\/\",\"name\":\"Qui sommes nous ? - KANZA SARL\",\"isPartOf\":{\"@id\":\"https:\\\/\\\/www.kanzasarl.com\\\/#website\"},\"primaryImageOfPage\":{\"@id\":\"https:\\\/\\\/www.kanzasarl.com\\\/a-propos\\\/qui-sommes-nous\\\/#primaryimage\"},\"image\":{\"@id\":\"https:\\\/\\\/www.kanzasarl.com\\\/a-propos\\\/qui-sommes-nous\\\/#primaryimage\"},\"thumbnailUrl\":\"https:\\\/\\\/www.kanzasarl.com\\\/wp-content\\\/uploads\\\/2017\\\/10\\\/22751129_10159432405160321_622932255_o2.jpg\",\"datePublished\":\"2018-06-05T16:36:07+00:00\",\"dateModified\":\"2025-08-21T11:27:00+00:00\",\"description\":\"\\\"nous sommes une entreprise camerounaise sp\u00e9cialis\u00e9e dans le r\u00e9seaux \u00e9lectrique. D\u00e9couvrez notre mission, nos valeurs et notre expertise.\\\"\",\"breadcrumb\":{\"@id\":\"https:\\\/\\\/www.kanzasarl.com\\\/a-propos\\\/qui-sommes-nous\\\/#breadcrumb\"},\"inLanguage\":\"en-GB\",\"potentialAction\":[{\"@type\":\"ReadAction\",\"target\":[\"https:\\\/\\\/www.kanzasarl.com\\\/a-propos\\\/qui-sommes-nous\\\/\"]}]},{\"@type\":\"ImageObject\",\"inLanguage\":\"en-GB\",\"@id\":\"https:\\\/\\\/www.kanzasarl.com\\\/a-propos\\\/qui-sommes-nous\\\/#primaryimage\",\"url\":\"https:\\\/\\\/www.kanzasarl.com\\\/wp-content\\\/uploads\\\/2017\\\/10\\\/22751129_10159432405160321_622932255_o2.jpg\",\"contentUrl\":\"https:\\\/\\\/www.kanzasarl.com\\\/wp-content\\\/uploads\\\/2017\\\/10\\\/22751129_10159432405160321_622932255_o2.jpg\",\"width\":1422,\"height\":692,\"caption\":\"\u00e9quipe dirigeante et notre histoire\"},{\"@type\":\"BreadcrumbList\",\"@id\":\"https:\\\/\\\/www.kanzasarl.com\\\/a-propos\\\/qui-sommes-nous\\\/#breadcrumb\",\"itemListElement\":[{\"@type\":\"ListItem\",\"position\":1,\"name\":\"Home\",\"item\":\"https:\\\/\\\/www.kanzasarl.com\\\/\"},{\"@type\":\"ListItem\",\"position\":2,\"name\":\"A propos\",\"item\":\"https:\\\/\\\/www.kanzasarl.com\\\/a-propos\\\/\"},{\"@type\":\"ListItem\",\"position\":3,\"name\":\"Qui sommes nous ?\"}]},{\"@type\":\"WebSite\",\"@id\":\"https:\\\/\\\/www.kanzasarl.com\\\/#website\",\"url\":\"https:\\\/\\\/www.kanzasarl.com\\\/\",\"name\":\"KANZA SARL\",\"description\":\"\",\"publisher\":{\"@id\":\"https:\\\/\\\/www.kanzasarl.com\\\/#organization\"},\"potentialAction\":[{\"@type\":\"SearchAction\",\"target\":{\"@type\":\"EntryPoint\",\"urlTemplate\":\"https:\\\/\\\/www.kanzasarl.com\\\/?s={search_term_string}\"},\"query-input\":{\"@type\":\"PropertyValueSpecification\",\"valueRequired\":true,\"valueName\":\"search_term_string\"}}],\"inLanguage\":\"en-GB\"},{\"@type\":\"Organization\",\"@id\":\"https:\\\/\\\/www.kanzasarl.com\\\/#organization\",\"name\":\"KANZA SARL\",\"url\":\"https:\\\/\\\/www.kanzasarl.com\\\/\",\"logo\":{\"@type\":\"ImageObject\",\"inLanguage\":\"en-GB\",\"@id\":\"https:\\\/\\\/www.kanzasarl.com\\\/#\\\/schema\\\/logo\\\/image\\\/\",\"url\":\"https:\\\/\\\/www.kanzasarl.com\\\/wp-content\\\/uploads\\\/2025\\\/08\\\/logo.png\",\"contentUrl\":\"https:\\\/\\\/www.kanzasarl.com\\\/wp-content\\\/uploads\\\/2025\\\/08\\\/logo.png\",\"width\":646,\"height\":250,\"caption\":\"KANZA SARL\"},\"image\":{\"@id\":\"https:\\\/\\\/www.kanzasarl.com\\\/#\\\/schema\\\/logo\\\/image\\\/\"},\"sameAs\":[\"https:\\\/\\\/web.facebook.com\\\/CameroonEnergy\",\"https:\\\/\\\/www.instagram.com\\\/kanzasarl\\\/#\"]}]}<\/script>\n<!-- \/ Yoast SEO plugin. -->","yoast_head_json":{"title":"Qui sommes nous ? - KANZA SARL","description":"\"nous sommes une entreprise camerounaise sp\\u00e9cialis\\u00e9e dans le r\\u00e9seaux \\u00e9lectrique. D\\u00e9couvrez notre mission, nos valeurs et notre expertise.\"","robots":{"index":"index","follow":"follow","max-snippet":"max-snippet:-1","max-image-preview":"max-image-preview:large","max-video-preview":"max-video-preview:-1"},"canonical":"https:\/\/www.kanzasarl.com\/en\/a-propos\/qui-sommes-nous\/","og_locale":"en_GB","og_type":"article","og_title":"Qui sommes nous ? - KANZA SARL","og_description":"\"nous sommes une entreprise camerounaise sp\u00e9cialis\u00e9e dans le r\u00e9seaux \u00e9lectrique. D\u00e9couvrez notre mission, nos valeurs et notre expertise.\"","og_url":"https:\/\/www.kanzasarl.com\/en\/a-propos\/qui-sommes-nous\/","og_site_name":"KANZA SARL","article_publisher":"https:\/\/web.facebook.com\/CameroonEnergy","article_modified_time":"2025-08-21T11:27:00+00:00","og_image":[{"width":1422,"height":692,"url":"https:\/\/www.kanzasarl.com\/wp-content\/uploads\/2017\/10\/22751129_10159432405160321_622932255_o2.jpg","type":"image\/jpeg"}],"twitter_card":"summary_large_image","twitter_misc":{"Estimated reading time":"2 minutes"},"schema":{"@context":"https:\/\/schema.org","@graph":[{"@type":"WebPage","@id":"https:\/\/www.kanzasarl.com\/a-propos\/qui-sommes-nous\/","url":"https:\/\/www.kanzasarl.com\/a-propos\/qui-sommes-nous\/","name":"Qui sommes nous ? - KANZA SARL","isPartOf":{"@id":"https:\/\/www.kanzasarl.com\/#website"},"primaryImageOfPage":{"@id":"https:\/\/www.kanzasarl.com\/a-propos\/qui-sommes-nous\/#primaryimage"},"image":{"@id":"https:\/\/www.kanzasarl.com\/a-propos\/qui-sommes-nous\/#primaryimage"},"thumbnailUrl":"https:\/\/www.kanzasarl.com\/wp-content\/uploads\/2017\/10\/22751129_10159432405160321_622932255_o2.jpg","datePublished":"2018-06-05T16:36:07+00:00","dateModified":"2025-08-21T11:27:00+00:00","description":"\"nous sommes une entreprise camerounaise sp\\u00e9cialis\\u00e9e dans le r\\u00e9seaux \\u00e9lectrique. D\\u00e9couvrez notre mission, nos valeurs et notre expertise.\"","breadcrumb":{"@id":"https:\/\/www.kanzasarl.com\/a-propos\/qui-sommes-nous\/#breadcrumb"},"inLanguage":"en-GB","potentialAction":[{"@type":"ReadAction","target":["https:\/\/www.kanzasarl.com\/a-propos\/qui-sommes-nous\/"]}]},{"@type":"ImageObject","inLanguage":"en-GB","@id":"https:\/\/www.kanzasarl.com\/a-propos\/qui-sommes-nous\/#primaryimage","url":"https:\/\/www.kanzasarl.com\/wp-content\/uploads\/2017\/10\/22751129_10159432405160321_622932255_o2.jpg","contentUrl":"https:\/\/www.kanzasarl.com\/wp-content\/uploads\/2017\/10\/22751129_10159432405160321_622932255_o2.jpg","width":1422,"height":692,"caption":"\u00e9quipe dirigeante et notre histoire"},{"@type":"BreadcrumbList","@id":"https:\/\/www.kanzasarl.com\/a-propos\/qui-sommes-nous\/#breadcrumb","itemListElement":[{"@type":"ListItem","position":1,"name":"Home","item":"https:\/\/www.kanzasarl.com\/"},{"@type":"ListItem","position":2,"name":"A propos","item":"https:\/\/www.kanzasarl.com\/a-propos\/"},{"@type":"ListItem","position":3,"name":"Qui sommes nous ?"}]},{"@type":"WebSite","@id":"https:\/\/www.kanzasarl.com\/#website","url":"https:\/\/www.kanzasarl.com\/","name":"KANZA SARL","description":"","publisher":{"@id":"https:\/\/www.kanzasarl.com\/#organization"},"potentialAction":[{"@type":"SearchAction","target":{"@type":"EntryPoint","urlTemplate":"https:\/\/www.kanzasarl.com\/?s={search_term_string}"},"query-input":{"@type":"PropertyValueSpecification","valueRequired":true,"valueName":"search_term_string"}}],"inLanguage":"en-GB"},{"@type":"Organization","@id":"https:\/\/www.kanzasarl.com\/#organization","name":"KANZA SARL","url":"https:\/\/www.kanzasarl.com\/","logo":{"@type":"ImageObject","inLanguage":"en-GB","@id":"https:\/\/www.kanzasarl.com\/#\/schema\/logo\/image\/","url":"https:\/\/www.kanzasarl.com\/wp-content\/uploads\/2025\/08\/logo.png","contentUrl":"https:\/\/www.kanzasarl.com\/wp-content\/uploads\/2025\/08\/logo.png","width":646,"height":250,"caption":"KANZA SARL"},"image":{"@id":"https:\/\/www.kanzasarl.com\/#\/schema\/logo\/image\/"},"sameAs":["https:\/\/web.facebook.com\/CameroonEnergy","https:\/\/www.instagram.com\/kanzasarl\/#"]}]}},"_links":{"self":[{"href":"https:\/\/www.kanzasarl.com\/en\/wp-json\/wp\/v2\/pages\/676","targetHints":{"allow":["GET"]}}],"collection":[{"href":"https:\/\/www.kanzasarl.com\/en\/wp-json\/wp\/v2\/pages"}],"about":[{"href":"https:\/\/www.kanzasarl.com\/en\/wp-json\/wp\/v2\/types\/page"}],"author":[{"embeddable":true,"href":"https:\/\/www.kanzasarl.com\/en\/wp-json\/wp\/v2\/users\/1"}],"replies":[{"embeddable":true,"href":"https:\/\/www.kanzasarl.com\/en\/wp-json\/wp\/v2\/comments?post=676"}],"version-history":[{"count":2,"href":"https:\/\/www.kanzasarl.com\/en\/wp-json\/wp\/v2\/pages\/676\/revisions"}],"predecessor-version":[{"id":1166,"href":"https:\/\/www.kanzasarl.com\/en\/wp-json\/wp\/v2\/pages\/676\/revisions\/1166"}],"up":[{"embeddable":true,"href":"https:\/\/www.kanzasarl.com\/en\/wp-json\/wp\/v2\/pages\/680"}],"wp:featuredmedia":[{"embeddable":true,"href":"https:\/\/www.kanzasarl.com\/en\/wp-json\/wp\/v2\/media\/148"}],"wp:attachment":[{"href":"https:\/\/www.kanzasarl.com\/en\/wp-json\/wp\/v2\/media?parent=676"}],"curies":[{"name":"wp","href":"https:\/\/api.w.org\/{rel}","templated":true}]}}