{"id":682,"date":"2018-06-07T15:44:21","date_gmt":"2018-06-07T15:44:21","guid":{"rendered":"http:\/\/www.kanzasarl.com\/?page_id=682"},"modified":"2025-08-26T09:43:06","modified_gmt":"2025-08-26T09:43:06","slug":"notre-histoire","status":"publish","type":"page","link":"https:\/\/www.kanzasarl.com\/en\/a-propos\/notre-histoire\/","title":{"rendered":"Our history"},"content":{"rendered":"<p>Incorporated in 1994 in Douala (Cameroon, Africa) Kanza Sarl was motivated by the entrepreneurial spirit of the founder, the wonderful Kamfang Lisette. Kanza Sarl was created on the principles of employee inclusion and quality of execution.<\/p>\n\n\n\n<p>After only five years of operation, Kanza Sarl won its first major project in Yaound\u00e9. With its first CEO, Maurice Kamgaing, it became a major player in the utility construction sector. During the 1990s and 2000s, Kanza Sarl continued to win contracts for the maintenance and construction of electricity networks in southern Cameroon. Kanza\u2019s operations grew significantly in Douala and expanded to the Northern, South-West, Western and Eastern Territories.<\/p>\n\n\n\n<p>As the new millennium dawned, Kanza Sarl was awarded numerous maintenance and service contracts, and its bonding capacity increased, as did its reputation for completing projects on time and to a high standard.<\/p>\n\n\n\n<p>During the 2000s, Kanza Sarl won a series of major transmission line and substation contracts. Highlights included the installation of the largest transmission structures in the western region and several major EPC projects. The work required the hiring of more skilled tradespeople, foremen and supervisors, and the management structure was expanded to support this growth.<\/p>\n\n\n\n<p>2012 was a pivotal year \u2013 Coming straight from Detroit, Michigan (USA) with a different way of doing things; Landry Ludovic Fezeu, the Founder\u2019s son was appointed as the new CEO of the company. He focused on business development and technology. The former CEO is now responsible for all operations. Kanza also opens two more branches in Garoua and Edea that year.<\/p>\n\n\n\n<p>In 2014, with over 100 employees, Kanza Sarl has become a full-service provider of engineering, procurement, construction and maintenance in the region. Geographically, this extends from the north-eastern region of Douala to Bamenda.<\/p>\n\n\n\n<p>En 2015, Kanza Sarl s&rsquo;est vu d\u00e9cerner le prix de l&rsquo;ing\u00e9nierie, de l&rsquo;approvisionnement et de la construction (EPC) le meilleur sur le march\u00e9 <a href=\"https:\/\/www.kanzasarl.com\/en\/\">www.kanzasarl.com<\/a>.<\/p>","protected":false},"excerpt":{"rendered":"<p>Incorpor\u00e9e en 1994 \u00e0 Douala (Cameroun, Afrique) Kanza Sarl a \u00e9t\u00e9 motiv\u00e9e par l&rsquo;esprit d&rsquo;entreprise du fondateur, le merveilleux Kamfang Lisette. Kanza Sarl a \u00e9t\u00e9 cr\u00e9\u00e9 sur les principes de l&rsquo;inclusion des employ\u00e9s et de la qualit\u00e9 de l&rsquo;ex\u00e9cution. Apr\u00e8s seulement cinq ans d&rsquo;activit\u00e9, Kanza Sarl a remport\u00e9 son premier grand projet \u00e0 Yaound\u00e9. Avec [&hellip;]<\/p>","protected":false},"author":1,"featured_media":148,"parent":680,"menu_order":0,"comment_status":"closed","ping_status":"closed","template":"page-with-sub-menu","meta":{"footnotes":""},"class_list":["post-682","page","type-page","status-publish","has-post-thumbnail","hentry"],"yoast_head":"<!-- This site is optimized with the Yoast SEO plugin v27.5 - https:\/\/yoast.com\/product\/yoast-seo-wordpress\/ -->\n<title>Notre histoire - KANZA SARL<\/title>\n<meta name=\"description\" content=\"&quot;Notre histoire-Kanza SARL, une entreprise camerounaise fond\u00e9e sur l\u2019innovation, la qualit\u00e9 et l\u2019engagement envers ses clients.&quot;\" \/>\n<meta name=\"robots\" content=\"index, follow, max-snippet:-1, max-image-preview:large, max-video-preview:-1\" \/>\n<link rel=\"canonical\" href=\"https:\/\/www.kanzasarl.com\/en\/a-propos\/notre-histoire\/\" \/>\n<meta property=\"og:locale\" content=\"en_GB\" \/>\n<meta property=\"og:type\" content=\"article\" \/>\n<meta property=\"og:title\" content=\"Notre histoire - KANZA SARL\" \/>\n<meta property=\"og:description\" content=\"&quot;Notre histoire-Kanza SARL, une entreprise camerounaise fond\u00e9e sur l\u2019innovation, la qualit\u00e9 et l\u2019engagement envers ses clients.&quot;\" \/>\n<meta property=\"og:url\" content=\"https:\/\/www.kanzasarl.com\/en\/a-propos\/notre-histoire\/\" \/>\n<meta property=\"og:site_name\" content=\"KANZA SARL\" \/>\n<meta property=\"article:publisher\" content=\"https:\/\/web.facebook.com\/CameroonEnergy\" \/>\n<meta property=\"article:modified_time\" content=\"2025-08-26T09:43:06+00:00\" \/>\n<meta property=\"og:image\" content=\"https:\/\/www.kanzasarl.com\/wp-content\/uploads\/2017\/10\/22751129_10159432405160321_622932255_o2.jpg\" \/>\n\t<meta property=\"og:image:width\" content=\"1422\" \/>\n\t<meta property=\"og:image:height\" content=\"692\" \/>\n\t<meta property=\"og:image:type\" content=\"image\/jpeg\" \/>\n<meta name=\"twitter:card\" content=\"summary_large_image\" \/>\n<meta name=\"twitter:label1\" content=\"Estimated reading time\" \/>\n\t<meta name=\"twitter:data1\" content=\"2 minutes\" \/>\n<script type=\"application\/ld+json\" class=\"yoast-schema-graph\">{\"@context\":\"https:\\\/\\\/schema.org\",\"@graph\":[{\"@type\":\"WebPage\",\"@id\":\"https:\\\/\\\/www.kanzasarl.com\\\/a-propos\\\/notre-histoire\\\/\",\"url\":\"https:\\\/\\\/www.kanzasarl.com\\\/a-propos\\\/notre-histoire\\\/\",\"name\":\"Notre histoire - KANZA SARL\",\"isPartOf\":{\"@id\":\"https:\\\/\\\/www.kanzasarl.com\\\/#website\"},\"primaryImageOfPage\":{\"@id\":\"https:\\\/\\\/www.kanzasarl.com\\\/a-propos\\\/notre-histoire\\\/#primaryimage\"},\"image\":{\"@id\":\"https:\\\/\\\/www.kanzasarl.com\\\/a-propos\\\/notre-histoire\\\/#primaryimage\"},\"thumbnailUrl\":\"https:\\\/\\\/www.kanzasarl.com\\\/wp-content\\\/uploads\\\/2017\\\/10\\\/22751129_10159432405160321_622932255_o2.jpg\",\"datePublished\":\"2018-06-07T15:44:21+00:00\",\"dateModified\":\"2025-08-26T09:43:06+00:00\",\"description\":\"\\\"Notre histoire-Kanza SARL, une entreprise camerounaise fond\u00e9e sur l\u2019innovation, la qualit\u00e9 et l\u2019engagement envers ses clients.\\\"\",\"breadcrumb\":{\"@id\":\"https:\\\/\\\/www.kanzasarl.com\\\/a-propos\\\/notre-histoire\\\/#breadcrumb\"},\"inLanguage\":\"en-GB\",\"potentialAction\":[{\"@type\":\"ReadAction\",\"target\":[\"https:\\\/\\\/www.kanzasarl.com\\\/a-propos\\\/notre-histoire\\\/\"]}]},{\"@type\":\"ImageObject\",\"inLanguage\":\"en-GB\",\"@id\":\"https:\\\/\\\/www.kanzasarl.com\\\/a-propos\\\/notre-histoire\\\/#primaryimage\",\"url\":\"https:\\\/\\\/www.kanzasarl.com\\\/wp-content\\\/uploads\\\/2017\\\/10\\\/22751129_10159432405160321_622932255_o2.jpg\",\"contentUrl\":\"https:\\\/\\\/www.kanzasarl.com\\\/wp-content\\\/uploads\\\/2017\\\/10\\\/22751129_10159432405160321_622932255_o2.jpg\",\"width\":1422,\"height\":692,\"caption\":\"\u00e9quipe dirigeante et notre histoire\"},{\"@type\":\"BreadcrumbList\",\"@id\":\"https:\\\/\\\/www.kanzasarl.com\\\/a-propos\\\/notre-histoire\\\/#breadcrumb\",\"itemListElement\":[{\"@type\":\"ListItem\",\"position\":1,\"name\":\"Home\",\"item\":\"https:\\\/\\\/www.kanzasarl.com\\\/\"},{\"@type\":\"ListItem\",\"position\":2,\"name\":\"A propos\",\"item\":\"https:\\\/\\\/www.kanzasarl.com\\\/a-propos\\\/\"},{\"@type\":\"ListItem\",\"position\":3,\"name\":\"Notre histoire\"}]},{\"@type\":\"WebSite\",\"@id\":\"https:\\\/\\\/www.kanzasarl.com\\\/#website\",\"url\":\"https:\\\/\\\/www.kanzasarl.com\\\/\",\"name\":\"KANZA SARL\",\"description\":\"\",\"publisher\":{\"@id\":\"https:\\\/\\\/www.kanzasarl.com\\\/#organization\"},\"potentialAction\":[{\"@type\":\"SearchAction\",\"target\":{\"@type\":\"EntryPoint\",\"urlTemplate\":\"https:\\\/\\\/www.kanzasarl.com\\\/?s={search_term_string}\"},\"query-input\":{\"@type\":\"PropertyValueSpecification\",\"valueRequired\":true,\"valueName\":\"search_term_string\"}}],\"inLanguage\":\"en-GB\"},{\"@type\":\"Organization\",\"@id\":\"https:\\\/\\\/www.kanzasarl.com\\\/#organization\",\"name\":\"KANZA SARL\",\"url\":\"https:\\\/\\\/www.kanzasarl.com\\\/\",\"logo\":{\"@type\":\"ImageObject\",\"inLanguage\":\"en-GB\",\"@id\":\"https:\\\/\\\/www.kanzasarl.com\\\/#\\\/schema\\\/logo\\\/image\\\/\",\"url\":\"https:\\\/\\\/www.kanzasarl.com\\\/wp-content\\\/uploads\\\/2025\\\/08\\\/logo.png\",\"contentUrl\":\"https:\\\/\\\/www.kanzasarl.com\\\/wp-content\\\/uploads\\\/2025\\\/08\\\/logo.png\",\"width\":646,\"height\":250,\"caption\":\"KANZA SARL\"},\"image\":{\"@id\":\"https:\\\/\\\/www.kanzasarl.com\\\/#\\\/schema\\\/logo\\\/image\\\/\"},\"sameAs\":[\"https:\\\/\\\/web.facebook.com\\\/CameroonEnergy\",\"https:\\\/\\\/www.instagram.com\\\/kanzasarl\\\/#\"]}]}<\/script>\n<!-- \/ Yoast SEO plugin. -->","yoast_head_json":{"title":"Notre histoire - KANZA SARL","description":"\"Notre histoire-Kanza SARL, une entreprise camerounaise fond\\u00e9e sur l\\u2019innovation, la qualit\\u00e9 et l\\u2019engagement envers ses clients.\"","robots":{"index":"index","follow":"follow","max-snippet":"max-snippet:-1","max-image-preview":"max-image-preview:large","max-video-preview":"max-video-preview:-1"},"canonical":"https:\/\/www.kanzasarl.com\/en\/a-propos\/notre-histoire\/","og_locale":"en_GB","og_type":"article","og_title":"Notre histoire - KANZA SARL","og_description":"\"Notre histoire-Kanza SARL, une entreprise camerounaise fond\u00e9e sur l\u2019innovation, la qualit\u00e9 et l\u2019engagement envers ses clients.\"","og_url":"https:\/\/www.kanzasarl.com\/en\/a-propos\/notre-histoire\/","og_site_name":"KANZA SARL","article_publisher":"https:\/\/web.facebook.com\/CameroonEnergy","article_modified_time":"2025-08-26T09:43:06+00:00","og_image":[{"width":1422,"height":692,"url":"https:\/\/www.kanzasarl.com\/wp-content\/uploads\/2017\/10\/22751129_10159432405160321_622932255_o2.jpg","type":"image\/jpeg"}],"twitter_card":"summary_large_image","twitter_misc":{"Estimated reading time":"2 minutes"},"schema":{"@context":"https:\/\/schema.org","@graph":[{"@type":"WebPage","@id":"https:\/\/www.kanzasarl.com\/a-propos\/notre-histoire\/","url":"https:\/\/www.kanzasarl.com\/a-propos\/notre-histoire\/","name":"Notre histoire - KANZA SARL","isPartOf":{"@id":"https:\/\/www.kanzasarl.com\/#website"},"primaryImageOfPage":{"@id":"https:\/\/www.kanzasarl.com\/a-propos\/notre-histoire\/#primaryimage"},"image":{"@id":"https:\/\/www.kanzasarl.com\/a-propos\/notre-histoire\/#primaryimage"},"thumbnailUrl":"https:\/\/www.kanzasarl.com\/wp-content\/uploads\/2017\/10\/22751129_10159432405160321_622932255_o2.jpg","datePublished":"2018-06-07T15:44:21+00:00","dateModified":"2025-08-26T09:43:06+00:00","description":"\"Notre histoire-Kanza SARL, une entreprise camerounaise fond\\u00e9e sur l\\u2019innovation, la qualit\\u00e9 et l\\u2019engagement envers ses clients.\"","breadcrumb":{"@id":"https:\/\/www.kanzasarl.com\/a-propos\/notre-histoire\/#breadcrumb"},"inLanguage":"en-GB","potentialAction":[{"@type":"ReadAction","target":["https:\/\/www.kanzasarl.com\/a-propos\/notre-histoire\/"]}]},{"@type":"ImageObject","inLanguage":"en-GB","@id":"https:\/\/www.kanzasarl.com\/a-propos\/notre-histoire\/#primaryimage","url":"https:\/\/www.kanzasarl.com\/wp-content\/uploads\/2017\/10\/22751129_10159432405160321_622932255_o2.jpg","contentUrl":"https:\/\/www.kanzasarl.com\/wp-content\/uploads\/2017\/10\/22751129_10159432405160321_622932255_o2.jpg","width":1422,"height":692,"caption":"\u00e9quipe dirigeante et notre histoire"},{"@type":"BreadcrumbList","@id":"https:\/\/www.kanzasarl.com\/a-propos\/notre-histoire\/#breadcrumb","itemListElement":[{"@type":"ListItem","position":1,"name":"Home","item":"https:\/\/www.kanzasarl.com\/"},{"@type":"ListItem","position":2,"name":"A propos","item":"https:\/\/www.kanzasarl.com\/a-propos\/"},{"@type":"ListItem","position":3,"name":"Notre histoire"}]},{"@type":"WebSite","@id":"https:\/\/www.kanzasarl.com\/#website","url":"https:\/\/www.kanzasarl.com\/","name":"KANZA SARL","description":"","publisher":{"@id":"https:\/\/www.kanzasarl.com\/#organization"},"potentialAction":[{"@type":"SearchAction","target":{"@type":"EntryPoint","urlTemplate":"https:\/\/www.kanzasarl.com\/?s={search_term_string}"},"query-input":{"@type":"PropertyValueSpecification","valueRequired":true,"valueName":"search_term_string"}}],"inLanguage":"en-GB"},{"@type":"Organization","@id":"https:\/\/www.kanzasarl.com\/#organization","name":"KANZA SARL","url":"https:\/\/www.kanzasarl.com\/","logo":{"@type":"ImageObject","inLanguage":"en-GB","@id":"https:\/\/www.kanzasarl.com\/#\/schema\/logo\/image\/","url":"https:\/\/www.kanzasarl.com\/wp-content\/uploads\/2025\/08\/logo.png","contentUrl":"https:\/\/www.kanzasarl.com\/wp-content\/uploads\/2025\/08\/logo.png","width":646,"height":250,"caption":"KANZA SARL"},"image":{"@id":"https:\/\/www.kanzasarl.com\/#\/schema\/logo\/image\/"},"sameAs":["https:\/\/web.facebook.com\/CameroonEnergy","https:\/\/www.instagram.com\/kanzasarl\/#"]}]}},"_links":{"self":[{"href":"https:\/\/www.kanzasarl.com\/en\/wp-json\/wp\/v2\/pages\/682","targetHints":{"allow":["GET"]}}],"collection":[{"href":"https:\/\/www.kanzasarl.com\/en\/wp-json\/wp\/v2\/pages"}],"about":[{"href":"https:\/\/www.kanzasarl.com\/en\/wp-json\/wp\/v2\/types\/page"}],"author":[{"embeddable":true,"href":"https:\/\/www.kanzasarl.com\/en\/wp-json\/wp\/v2\/users\/1"}],"replies":[{"embeddable":true,"href":"https:\/\/www.kanzasarl.com\/en\/wp-json\/wp\/v2\/comments?post=682"}],"version-history":[{"count":2,"href":"https:\/\/www.kanzasarl.com\/en\/wp-json\/wp\/v2\/pages\/682\/revisions"}],"predecessor-version":[{"id":1254,"href":"https:\/\/www.kanzasarl.com\/en\/wp-json\/wp\/v2\/pages\/682\/revisions\/1254"}],"up":[{"embeddable":true,"href":"https:\/\/www.kanzasarl.com\/en\/wp-json\/wp\/v2\/pages\/680"}],"wp:featuredmedia":[{"embeddable":true,"href":"https:\/\/www.kanzasarl.com\/en\/wp-json\/wp\/v2\/media\/148"}],"wp:attachment":[{"href":"https:\/\/www.kanzasarl.com\/en\/wp-json\/wp\/v2\/media?parent=682"}],"curies":[{"name":"wp","href":"https:\/\/api.w.org\/{rel}","templated":true}]}}