{"id":686,"date":"2018-06-07T15:48:43","date_gmt":"2018-06-07T15:48:43","guid":{"rendered":"http:\/\/www.kanzasarl.com\/?page_id=686"},"modified":"2025-08-05T12:06:43","modified_gmt":"2025-08-05T12:06:43","slug":"ce-qui-nous-rend-special","status":"publish","type":"page","link":"https:\/\/www.kanzasarl.com\/en\/a-propos\/ce-qui-nous-rend-special\/","title":{"rendered":"What makes us special"},"content":{"rendered":"<p>Our goal is to provide each client with a unique consulting experience, based on excellence, relevance, and proximity.<\/p>\n\n\n\n<p>Thus, we offer a unique combination of management consulting capabilities with over 30 years of experience in pre-production and production development, production planning, and cost engineering. The projects are led by consultants with many years of experience in industry and consulting. Therefore, this allows us to provide solutions that are both practical and applicable, with a deeper level of content, which sets us apart from other consulting firms. Additionally, we have access to over 3,000 global experts from one of the world's leading engineering service providers. Our commitments feature world-class interdisciplinary project teams tailored to the individual projects of clients.<\/p>\n\n\n\n<p>Finally, we adhere to certain key values as an integral part of our corporate culture and we live them in our projects.<\/p>\n\n\n\n<h2 class=\"wp-block-heading\">Sustainability<\/h2>\n\n\n\n<p>Although we are ready to act for short-term improvements, we aim for the sustainability and quality of our projects. Consequently, our solutions are focused on implementation, with FEV and FEV Consulting being ready, capable, and results-oriented.<\/p>\n\n\n\n<h2 class=\"wp-block-heading\">Integrity<\/h2>\n\n\n\n<p>As an essential part of a relationship based on trust, we respect the integrity of our clients. This is why we act and communicate in a way that promotes the alignment of our goals with those of our clients, with a vision focused on a long-term relationship. We believe that trust is the key to the success of a consulting project.<\/p>\n\n\n\n<h2 class=\"wp-block-heading\">Passion<\/h2>\n\n\n\n<p>We love what we do, and we are convinced that our advice and solutions can only be satisfactory if we are satisfied ourselves. Thus, for our clients to become the best in the business world, we must strive to do the same.<\/p>\n\n\n\n<h2 class=\"wp-block-heading\">Entrepreneurship<\/h2>\n\n\n\n<p>We believe that creativity and pragmatism are essential ingredients for successful advice. That is why we cultivate an agile entrepreneurial spirit that is strongly focused on success, both in short-term solutions and in long-term strategic decisions.<\/p>\n\n\n\n<p><\/p>","protected":false},"excerpt":{"rendered":"<p>Notre objectif est de fournir \u00e0 chaque client une exp\u00e9rience de conseil unique, fond\u00e9e sur l\u2019excellence, la pertinence et la proximit\u00e9. Ainsi, nous offrons une combinaison unique de capacit\u00e9s de conseil en gestion avec plus de 30 ans d&rsquo;exp\u00e9rience dans le d\u00e9veloppement de la pr\u00e9-production et de la production, la planification de la production et [&hellip;]<\/p>","protected":false},"author":1,"featured_media":148,"parent":680,"menu_order":0,"comment_status":"closed","ping_status":"closed","template":"page-with-sub-menu","meta":{"footnotes":""},"class_list":["post-686","page","type-page","status-publish","has-post-thumbnail","hentry"],"yoast_head":"<!-- This site is optimized with the Yoast SEO plugin v27.5 - https:\/\/yoast.com\/product\/yoast-seo-wordpress\/ -->\n<title>Ce qui nous rend sp\u00e9cial - KANZA SARL<\/title>\n<meta name=\"description\" content=\"ce qui rend KANZA SARL sp\u00e9cial est l&#039; accompagnement sur mesure, fond\u00e9 sur l\u2019excellence, la pertinence et la proximit\u00e9 des clients.\" \/>\n<meta name=\"robots\" content=\"index, follow, max-snippet:-1, max-image-preview:large, max-video-preview:-1\" \/>\n<link rel=\"canonical\" href=\"https:\/\/www.kanzasarl.com\/en\/a-propos\/ce-qui-nous-rend-special\/\" \/>\n<meta property=\"og:locale\" content=\"en_GB\" \/>\n<meta property=\"og:type\" content=\"article\" \/>\n<meta property=\"og:title\" content=\"Ce qui nous rend sp\u00e9cial - KANZA SARL\" \/>\n<meta property=\"og:description\" content=\"ce qui rend KANZA SARL sp\u00e9cial est l&#039; accompagnement sur mesure, fond\u00e9 sur l\u2019excellence, la pertinence et la proximit\u00e9 des clients.\" \/>\n<meta property=\"og:url\" content=\"https:\/\/www.kanzasarl.com\/en\/a-propos\/ce-qui-nous-rend-special\/\" \/>\n<meta property=\"og:site_name\" content=\"KANZA SARL\" \/>\n<meta property=\"article:publisher\" content=\"https:\/\/web.facebook.com\/CameroonEnergy\" \/>\n<meta property=\"article:modified_time\" content=\"2025-08-05T12:06:43+00:00\" \/>\n<meta property=\"og:image\" content=\"https:\/\/www.kanzasarl.com\/wp-content\/uploads\/2017\/10\/22751129_10159432405160321_622932255_o2.jpg\" \/>\n\t<meta property=\"og:image:width\" content=\"1422\" \/>\n\t<meta property=\"og:image:height\" content=\"692\" \/>\n\t<meta property=\"og:image:type\" content=\"image\/jpeg\" \/>\n<meta name=\"twitter:card\" content=\"summary_large_image\" \/>\n<meta name=\"twitter:label1\" content=\"Estimated reading time\" \/>\n\t<meta name=\"twitter:data1\" content=\"2 minutes\" \/>\n<script type=\"application\/ld+json\" class=\"yoast-schema-graph\">{\"@context\":\"https:\\\/\\\/schema.org\",\"@graph\":[{\"@type\":\"WebPage\",\"@id\":\"https:\\\/\\\/www.kanzasarl.com\\\/a-propos\\\/ce-qui-nous-rend-special\\\/\",\"url\":\"https:\\\/\\\/www.kanzasarl.com\\\/a-propos\\\/ce-qui-nous-rend-special\\\/\",\"name\":\"Ce qui nous rend sp\u00e9cial - KANZA SARL\",\"isPartOf\":{\"@id\":\"https:\\\/\\\/www.kanzasarl.com\\\/#website\"},\"primaryImageOfPage\":{\"@id\":\"https:\\\/\\\/www.kanzasarl.com\\\/a-propos\\\/ce-qui-nous-rend-special\\\/#primaryimage\"},\"image\":{\"@id\":\"https:\\\/\\\/www.kanzasarl.com\\\/a-propos\\\/ce-qui-nous-rend-special\\\/#primaryimage\"},\"thumbnailUrl\":\"https:\\\/\\\/www.kanzasarl.com\\\/wp-content\\\/uploads\\\/2017\\\/10\\\/22751129_10159432405160321_622932255_o2.jpg\",\"datePublished\":\"2018-06-07T15:48:43+00:00\",\"dateModified\":\"2025-08-05T12:06:43+00:00\",\"description\":\"ce qui rend KANZA SARL sp\u00e9cial est l' accompagnement sur mesure, fond\u00e9 sur l\u2019excellence, la pertinence et la proximit\u00e9 des clients.\",\"breadcrumb\":{\"@id\":\"https:\\\/\\\/www.kanzasarl.com\\\/a-propos\\\/ce-qui-nous-rend-special\\\/#breadcrumb\"},\"inLanguage\":\"en-GB\",\"potentialAction\":[{\"@type\":\"ReadAction\",\"target\":[\"https:\\\/\\\/www.kanzasarl.com\\\/a-propos\\\/ce-qui-nous-rend-special\\\/\"]}]},{\"@type\":\"ImageObject\",\"inLanguage\":\"en-GB\",\"@id\":\"https:\\\/\\\/www.kanzasarl.com\\\/a-propos\\\/ce-qui-nous-rend-special\\\/#primaryimage\",\"url\":\"https:\\\/\\\/www.kanzasarl.com\\\/wp-content\\\/uploads\\\/2017\\\/10\\\/22751129_10159432405160321_622932255_o2.jpg\",\"contentUrl\":\"https:\\\/\\\/www.kanzasarl.com\\\/wp-content\\\/uploads\\\/2017\\\/10\\\/22751129_10159432405160321_622932255_o2.jpg\",\"width\":1422,\"height\":692,\"caption\":\"\u00e9quipe dirigeante et notre histoire\"},{\"@type\":\"BreadcrumbList\",\"@id\":\"https:\\\/\\\/www.kanzasarl.com\\\/a-propos\\\/ce-qui-nous-rend-special\\\/#breadcrumb\",\"itemListElement\":[{\"@type\":\"ListItem\",\"position\":1,\"name\":\"Home\",\"item\":\"https:\\\/\\\/www.kanzasarl.com\\\/\"},{\"@type\":\"ListItem\",\"position\":2,\"name\":\"A propos\",\"item\":\"https:\\\/\\\/www.kanzasarl.com\\\/a-propos\\\/\"},{\"@type\":\"ListItem\",\"position\":3,\"name\":\"Ce qui nous rend sp\u00e9cial\"}]},{\"@type\":\"WebSite\",\"@id\":\"https:\\\/\\\/www.kanzasarl.com\\\/#website\",\"url\":\"https:\\\/\\\/www.kanzasarl.com\\\/\",\"name\":\"KANZA SARL\",\"description\":\"\",\"publisher\":{\"@id\":\"https:\\\/\\\/www.kanzasarl.com\\\/#organization\"},\"potentialAction\":[{\"@type\":\"SearchAction\",\"target\":{\"@type\":\"EntryPoint\",\"urlTemplate\":\"https:\\\/\\\/www.kanzasarl.com\\\/?s={search_term_string}\"},\"query-input\":{\"@type\":\"PropertyValueSpecification\",\"valueRequired\":true,\"valueName\":\"search_term_string\"}}],\"inLanguage\":\"en-GB\"},{\"@type\":\"Organization\",\"@id\":\"https:\\\/\\\/www.kanzasarl.com\\\/#organization\",\"name\":\"KANZA SARL\",\"url\":\"https:\\\/\\\/www.kanzasarl.com\\\/\",\"logo\":{\"@type\":\"ImageObject\",\"inLanguage\":\"en-GB\",\"@id\":\"https:\\\/\\\/www.kanzasarl.com\\\/#\\\/schema\\\/logo\\\/image\\\/\",\"url\":\"https:\\\/\\\/www.kanzasarl.com\\\/wp-content\\\/uploads\\\/2025\\\/08\\\/logo.png\",\"contentUrl\":\"https:\\\/\\\/www.kanzasarl.com\\\/wp-content\\\/uploads\\\/2025\\\/08\\\/logo.png\",\"width\":646,\"height\":250,\"caption\":\"KANZA SARL\"},\"image\":{\"@id\":\"https:\\\/\\\/www.kanzasarl.com\\\/#\\\/schema\\\/logo\\\/image\\\/\"},\"sameAs\":[\"https:\\\/\\\/web.facebook.com\\\/CameroonEnergy\",\"https:\\\/\\\/www.instagram.com\\\/kanzasarl\\\/#\"]}]}<\/script>\n<!-- \/ Yoast SEO plugin. -->","yoast_head_json":{"title":"Ce qui nous rend sp\u00e9cial - KANZA SARL","description":"ce qui rend KANZA SARL sp\u00e9cial est l' accompagnement sur mesure, fond\u00e9 sur l\u2019excellence, la pertinence et la proximit\u00e9 des clients.","robots":{"index":"index","follow":"follow","max-snippet":"max-snippet:-1","max-image-preview":"max-image-preview:large","max-video-preview":"max-video-preview:-1"},"canonical":"https:\/\/www.kanzasarl.com\/en\/a-propos\/ce-qui-nous-rend-special\/","og_locale":"en_GB","og_type":"article","og_title":"Ce qui nous rend sp\u00e9cial - KANZA SARL","og_description":"ce qui rend KANZA SARL sp\u00e9cial est l' accompagnement sur mesure, fond\u00e9 sur l\u2019excellence, la pertinence et la proximit\u00e9 des clients.","og_url":"https:\/\/www.kanzasarl.com\/en\/a-propos\/ce-qui-nous-rend-special\/","og_site_name":"KANZA SARL","article_publisher":"https:\/\/web.facebook.com\/CameroonEnergy","article_modified_time":"2025-08-05T12:06:43+00:00","og_image":[{"width":1422,"height":692,"url":"https:\/\/www.kanzasarl.com\/wp-content\/uploads\/2017\/10\/22751129_10159432405160321_622932255_o2.jpg","type":"image\/jpeg"}],"twitter_card":"summary_large_image","twitter_misc":{"Estimated reading time":"2 minutes"},"schema":{"@context":"https:\/\/schema.org","@graph":[{"@type":"WebPage","@id":"https:\/\/www.kanzasarl.com\/a-propos\/ce-qui-nous-rend-special\/","url":"https:\/\/www.kanzasarl.com\/a-propos\/ce-qui-nous-rend-special\/","name":"Ce qui nous rend sp\u00e9cial - KANZA SARL","isPartOf":{"@id":"https:\/\/www.kanzasarl.com\/#website"},"primaryImageOfPage":{"@id":"https:\/\/www.kanzasarl.com\/a-propos\/ce-qui-nous-rend-special\/#primaryimage"},"image":{"@id":"https:\/\/www.kanzasarl.com\/a-propos\/ce-qui-nous-rend-special\/#primaryimage"},"thumbnailUrl":"https:\/\/www.kanzasarl.com\/wp-content\/uploads\/2017\/10\/22751129_10159432405160321_622932255_o2.jpg","datePublished":"2018-06-07T15:48:43+00:00","dateModified":"2025-08-05T12:06:43+00:00","description":"ce qui rend KANZA SARL sp\u00e9cial est l' accompagnement sur mesure, fond\u00e9 sur l\u2019excellence, la pertinence et la proximit\u00e9 des clients.","breadcrumb":{"@id":"https:\/\/www.kanzasarl.com\/a-propos\/ce-qui-nous-rend-special\/#breadcrumb"},"inLanguage":"en-GB","potentialAction":[{"@type":"ReadAction","target":["https:\/\/www.kanzasarl.com\/a-propos\/ce-qui-nous-rend-special\/"]}]},{"@type":"ImageObject","inLanguage":"en-GB","@id":"https:\/\/www.kanzasarl.com\/a-propos\/ce-qui-nous-rend-special\/#primaryimage","url":"https:\/\/www.kanzasarl.com\/wp-content\/uploads\/2017\/10\/22751129_10159432405160321_622932255_o2.jpg","contentUrl":"https:\/\/www.kanzasarl.com\/wp-content\/uploads\/2017\/10\/22751129_10159432405160321_622932255_o2.jpg","width":1422,"height":692,"caption":"\u00e9quipe dirigeante et notre histoire"},{"@type":"BreadcrumbList","@id":"https:\/\/www.kanzasarl.com\/a-propos\/ce-qui-nous-rend-special\/#breadcrumb","itemListElement":[{"@type":"ListItem","position":1,"name":"Home","item":"https:\/\/www.kanzasarl.com\/"},{"@type":"ListItem","position":2,"name":"A propos","item":"https:\/\/www.kanzasarl.com\/a-propos\/"},{"@type":"ListItem","position":3,"name":"Ce qui nous rend sp\u00e9cial"}]},{"@type":"WebSite","@id":"https:\/\/www.kanzasarl.com\/#website","url":"https:\/\/www.kanzasarl.com\/","name":"KANZA SARL","description":"","publisher":{"@id":"https:\/\/www.kanzasarl.com\/#organization"},"potentialAction":[{"@type":"SearchAction","target":{"@type":"EntryPoint","urlTemplate":"https:\/\/www.kanzasarl.com\/?s={search_term_string}"},"query-input":{"@type":"PropertyValueSpecification","valueRequired":true,"valueName":"search_term_string"}}],"inLanguage":"en-GB"},{"@type":"Organization","@id":"https:\/\/www.kanzasarl.com\/#organization","name":"KANZA SARL","url":"https:\/\/www.kanzasarl.com\/","logo":{"@type":"ImageObject","inLanguage":"en-GB","@id":"https:\/\/www.kanzasarl.com\/#\/schema\/logo\/image\/","url":"https:\/\/www.kanzasarl.com\/wp-content\/uploads\/2025\/08\/logo.png","contentUrl":"https:\/\/www.kanzasarl.com\/wp-content\/uploads\/2025\/08\/logo.png","width":646,"height":250,"caption":"KANZA SARL"},"image":{"@id":"https:\/\/www.kanzasarl.com\/#\/schema\/logo\/image\/"},"sameAs":["https:\/\/web.facebook.com\/CameroonEnergy","https:\/\/www.instagram.com\/kanzasarl\/#"]}]}},"_links":{"self":[{"href":"https:\/\/www.kanzasarl.com\/en\/wp-json\/wp\/v2\/pages\/686","targetHints":{"allow":["GET"]}}],"collection":[{"href":"https:\/\/www.kanzasarl.com\/en\/wp-json\/wp\/v2\/pages"}],"about":[{"href":"https:\/\/www.kanzasarl.com\/en\/wp-json\/wp\/v2\/types\/page"}],"author":[{"embeddable":true,"href":"https:\/\/www.kanzasarl.com\/en\/wp-json\/wp\/v2\/users\/1"}],"replies":[{"embeddable":true,"href":"https:\/\/www.kanzasarl.com\/en\/wp-json\/wp\/v2\/comments?post=686"}],"version-history":[{"count":4,"href":"https:\/\/www.kanzasarl.com\/en\/wp-json\/wp\/v2\/pages\/686\/revisions"}],"predecessor-version":[{"id":1220,"href":"https:\/\/www.kanzasarl.com\/en\/wp-json\/wp\/v2\/pages\/686\/revisions\/1220"}],"up":[{"embeddable":true,"href":"https:\/\/www.kanzasarl.com\/en\/wp-json\/wp\/v2\/pages\/680"}],"wp:featuredmedia":[{"embeddable":true,"href":"https:\/\/www.kanzasarl.com\/en\/wp-json\/wp\/v2\/media\/148"}],"wp:attachment":[{"href":"https:\/\/www.kanzasarl.com\/en\/wp-json\/wp\/v2\/media?parent=686"}],"curies":[{"name":"wp","href":"https:\/\/api.w.org\/{rel}","templated":true}]}}