{"id":694,"date":"2018-06-07T15:51:24","date_gmt":"2018-06-07T15:51:24","guid":{"rendered":"http:\/\/www.kanzasarl.com\/?page_id=694"},"modified":"2025-08-08T09:11:23","modified_gmt":"2025-08-08T09:11:23","slug":"recompenses-et-avantages","status":"publish","type":"page","link":"https:\/\/www.kanzasarl.com\/en\/carrieres\/recompenses-et-avantages\/","title":{"rendered":"Rewards and Benefits"},"content":{"rendered":"<h2 class=\"wp-block-heading\">Generous rewards<\/h2>\n\n\n\n<ul class=\"wp-block-list\">\n<li>Competitive compensation<\/li>\n\n\n\n<li>Positive incentives for safe work<\/li>\n\n\n\n<li>Flexible employment practices<\/li>\n\n\n\n<li>Professional development opportunities<\/li>\n\n\n\n<li>Acknowledgement<\/li>\n<\/ul>\n\n\n\n<h2 class=\"wp-block-heading\">Excellent benefits<\/h2>\n\n\n\n<ul class=\"wp-block-list\">\n<li>Comprehensive medical, drug and dental coverage<\/li>\n\n\n\n<li>Comprehensive medical, drug and dental coverage\u2026<\/li>\n\n\n\n<li>Group RRSP plan with corporate matching<\/li>\n<\/ul>\n\n\n\n<h2 class=\"wp-block-heading\">Training opportunities<\/h2>\n\n\n\n<p>We have one of the largest apprenticeship programs in the industry, including opportunities for:<\/p>\n\n\n\n<ul class=\"wp-block-list\">\n<li>Power liners<\/li>\n\n\n\n<li>Power System Electricians<\/li>\n\n\n\n<li>\u00c9lectriciens<\/li>\n\n\n\n<li>\u00c9pisseurs de c\u00e2bles et de fibres<\/li>\n\n\n\n<li>Techniciens d&rsquo;\u00e9quipement lourd<\/li>\n\n\n\n<li>Automotive technicians<\/li>\n\n\n\n<li>Crane and lifting operator (jib crane and mobile crane)<\/li>\n<\/ul>\n\n\n\n<h2 class=\"wp-block-heading\">Our registered apprentices receive<\/h2>\n\n\n\n<ul class=\"wp-block-list\">\n<li>Tuition Fee Reimbursement<\/li>\n\n\n\n<li>Living allowance<\/li>\n\n\n\n<li>Soutien et tutorat au besoin<\/li>\n\n\n\n<li>Tool allocation<\/li>\n\n\n\n<li>Salary increases and bonuses for successful completion of each level of the apprenticeship program<\/li>\n<\/ul>","protected":false},"excerpt":{"rendered":"<p>R\u00e9compenses g\u00e9n\u00e9reuses Excellents avantages Opportunit\u00e9s de formation Nous avons l&rsquo;un des plus grands programmes d&rsquo;apprentissage de l&rsquo;industrie, y compris des opportunit\u00e9s pour: Nos apprentis inscrits re\u00e7oivent<\/p>","protected":false},"author":1,"featured_media":905,"parent":690,"menu_order":0,"comment_status":"closed","ping_status":"closed","template":"subpage-carrieres","meta":{"footnotes":""},"class_list":["post-694","page","type-page","status-publish","has-post-thumbnail","hentry"],"yoast_head":"<!-- This site is optimized with the Yoast SEO plugin v27.5 - https:\/\/yoast.com\/product\/yoast-seo-wordpress\/ -->\n<title>R\u00e9compenses et avantages - KANZA SARL<\/title>\n<meta name=\"description\" content=\"D\u00e9couvrez les avantages offerts par Kanzasarl : primes, formations, environnement stimulant. Rejoignez notre \u00e9quipe \u00e0 Douala.\" \/>\n<meta name=\"robots\" content=\"index, follow, max-snippet:-1, max-image-preview:large, max-video-preview:-1\" \/>\n<link rel=\"canonical\" href=\"https:\/\/www.kanzasarl.com\/en\/carrieres\/recompenses-et-avantages\/\" \/>\n<meta property=\"og:locale\" content=\"en_GB\" \/>\n<meta property=\"og:type\" content=\"article\" \/>\n<meta property=\"og:title\" content=\"R\u00e9compenses et avantages - KANZA SARL\" \/>\n<meta property=\"og:description\" content=\"D\u00e9couvrez les avantages offerts par Kanzasarl : primes, formations, environnement stimulant. Rejoignez notre \u00e9quipe \u00e0 Douala.\" \/>\n<meta property=\"og:url\" content=\"https:\/\/www.kanzasarl.com\/en\/carrieres\/recompenses-et-avantages\/\" \/>\n<meta property=\"og:site_name\" content=\"KANZA SARL\" \/>\n<meta property=\"article:publisher\" content=\"https:\/\/web.facebook.com\/CameroonEnergy\" \/>\n<meta property=\"article:modified_time\" content=\"2025-08-08T09:11:23+00:00\" \/>\n<meta property=\"og:image\" content=\"https:\/\/www.kanzasarl.com\/wp-content\/uploads\/2024\/09\/prestation-de-services.jpg\" \/>\n\t<meta property=\"og:image:width\" content=\"1500\" \/>\n\t<meta property=\"og:image:height\" content=\"1000\" \/>\n\t<meta property=\"og:image:type\" content=\"image\/jpeg\" \/>\n<meta name=\"twitter:card\" content=\"summary_large_image\" \/>\n<meta name=\"twitter:label1\" content=\"Estimated reading time\" \/>\n\t<meta name=\"twitter:data1\" content=\"1 minute\" \/>\n<script type=\"application\/ld+json\" class=\"yoast-schema-graph\">{\"@context\":\"https:\\\/\\\/schema.org\",\"@graph\":[{\"@type\":\"WebPage\",\"@id\":\"https:\\\/\\\/www.kanzasarl.com\\\/carrieres\\\/recompenses-et-avantages\\\/\",\"url\":\"https:\\\/\\\/www.kanzasarl.com\\\/carrieres\\\/recompenses-et-avantages\\\/\",\"name\":\"R\u00e9compenses et avantages - KANZA SARL\",\"isPartOf\":{\"@id\":\"https:\\\/\\\/www.kanzasarl.com\\\/#website\"},\"primaryImageOfPage\":{\"@id\":\"https:\\\/\\\/www.kanzasarl.com\\\/carrieres\\\/recompenses-et-avantages\\\/#primaryimage\"},\"image\":{\"@id\":\"https:\\\/\\\/www.kanzasarl.com\\\/carrieres\\\/recompenses-et-avantages\\\/#primaryimage\"},\"thumbnailUrl\":\"https:\\\/\\\/www.kanzasarl.com\\\/wp-content\\\/uploads\\\/2024\\\/09\\\/prestation-de-services.jpg\",\"datePublished\":\"2018-06-07T15:51:24+00:00\",\"dateModified\":\"2025-08-08T09:11:23+00:00\",\"description\":\"D\u00e9couvrez les avantages offerts par Kanzasarl : primes, formations, environnement stimulant. Rejoignez notre \u00e9quipe \u00e0 Douala.\",\"breadcrumb\":{\"@id\":\"https:\\\/\\\/www.kanzasarl.com\\\/carrieres\\\/recompenses-et-avantages\\\/#breadcrumb\"},\"inLanguage\":\"en-GB\",\"potentialAction\":[{\"@type\":\"ReadAction\",\"target\":[\"https:\\\/\\\/www.kanzasarl.com\\\/carrieres\\\/recompenses-et-avantages\\\/\"]}]},{\"@type\":\"ImageObject\",\"inLanguage\":\"en-GB\",\"@id\":\"https:\\\/\\\/www.kanzasarl.com\\\/carrieres\\\/recompenses-et-avantages\\\/#primaryimage\",\"url\":\"https:\\\/\\\/www.kanzasarl.com\\\/wp-content\\\/uploads\\\/2024\\\/09\\\/prestation-de-services.jpg\",\"contentUrl\":\"https:\\\/\\\/www.kanzasarl.com\\\/wp-content\\\/uploads\\\/2024\\\/09\\\/prestation-de-services.jpg\",\"width\":1500,\"height\":1000,\"caption\":\"postuler\"},{\"@type\":\"BreadcrumbList\",\"@id\":\"https:\\\/\\\/www.kanzasarl.com\\\/carrieres\\\/recompenses-et-avantages\\\/#breadcrumb\",\"itemListElement\":[{\"@type\":\"ListItem\",\"position\":1,\"name\":\"Home\",\"item\":\"https:\\\/\\\/www.kanzasarl.com\\\/\"},{\"@type\":\"ListItem\",\"position\":2,\"name\":\"Carri\u00e8res\",\"item\":\"https:\\\/\\\/www.kanzasarl.com\\\/carrieres\\\/\"},{\"@type\":\"ListItem\",\"position\":3,\"name\":\"R\u00e9compenses et avantages\"}]},{\"@type\":\"WebSite\",\"@id\":\"https:\\\/\\\/www.kanzasarl.com\\\/#website\",\"url\":\"https:\\\/\\\/www.kanzasarl.com\\\/\",\"name\":\"KANZA SARL\",\"description\":\"\",\"publisher\":{\"@id\":\"https:\\\/\\\/www.kanzasarl.com\\\/#organization\"},\"potentialAction\":[{\"@type\":\"SearchAction\",\"target\":{\"@type\":\"EntryPoint\",\"urlTemplate\":\"https:\\\/\\\/www.kanzasarl.com\\\/?s={search_term_string}\"},\"query-input\":{\"@type\":\"PropertyValueSpecification\",\"valueRequired\":true,\"valueName\":\"search_term_string\"}}],\"inLanguage\":\"en-GB\"},{\"@type\":\"Organization\",\"@id\":\"https:\\\/\\\/www.kanzasarl.com\\\/#organization\",\"name\":\"KANZA SARL\",\"url\":\"https:\\\/\\\/www.kanzasarl.com\\\/\",\"logo\":{\"@type\":\"ImageObject\",\"inLanguage\":\"en-GB\",\"@id\":\"https:\\\/\\\/www.kanzasarl.com\\\/#\\\/schema\\\/logo\\\/image\\\/\",\"url\":\"https:\\\/\\\/www.kanzasarl.com\\\/wp-content\\\/uploads\\\/2025\\\/08\\\/logo.png\",\"contentUrl\":\"https:\\\/\\\/www.kanzasarl.com\\\/wp-content\\\/uploads\\\/2025\\\/08\\\/logo.png\",\"width\":646,\"height\":250,\"caption\":\"KANZA SARL\"},\"image\":{\"@id\":\"https:\\\/\\\/www.kanzasarl.com\\\/#\\\/schema\\\/logo\\\/image\\\/\"},\"sameAs\":[\"https:\\\/\\\/web.facebook.com\\\/CameroonEnergy\",\"https:\\\/\\\/www.instagram.com\\\/kanzasarl\\\/#\"]}]}<\/script>\n<!-- \/ Yoast SEO plugin. -->","yoast_head_json":{"title":"R\u00e9compenses et avantages - KANZA SARL","description":"D\u00e9couvrez les avantages offerts par Kanzasarl : primes, formations, environnement stimulant. Rejoignez notre \u00e9quipe \u00e0 Douala.","robots":{"index":"index","follow":"follow","max-snippet":"max-snippet:-1","max-image-preview":"max-image-preview:large","max-video-preview":"max-video-preview:-1"},"canonical":"https:\/\/www.kanzasarl.com\/en\/carrieres\/recompenses-et-avantages\/","og_locale":"en_GB","og_type":"article","og_title":"R\u00e9compenses et avantages - KANZA SARL","og_description":"D\u00e9couvrez les avantages offerts par Kanzasarl : primes, formations, environnement stimulant. Rejoignez notre \u00e9quipe \u00e0 Douala.","og_url":"https:\/\/www.kanzasarl.com\/en\/carrieres\/recompenses-et-avantages\/","og_site_name":"KANZA SARL","article_publisher":"https:\/\/web.facebook.com\/CameroonEnergy","article_modified_time":"2025-08-08T09:11:23+00:00","og_image":[{"width":1500,"height":1000,"url":"https:\/\/www.kanzasarl.com\/wp-content\/uploads\/2024\/09\/prestation-de-services.jpg","type":"image\/jpeg"}],"twitter_card":"summary_large_image","twitter_misc":{"Estimated reading time":"1 minute"},"schema":{"@context":"https:\/\/schema.org","@graph":[{"@type":"WebPage","@id":"https:\/\/www.kanzasarl.com\/carrieres\/recompenses-et-avantages\/","url":"https:\/\/www.kanzasarl.com\/carrieres\/recompenses-et-avantages\/","name":"R\u00e9compenses et avantages - KANZA SARL","isPartOf":{"@id":"https:\/\/www.kanzasarl.com\/#website"},"primaryImageOfPage":{"@id":"https:\/\/www.kanzasarl.com\/carrieres\/recompenses-et-avantages\/#primaryimage"},"image":{"@id":"https:\/\/www.kanzasarl.com\/carrieres\/recompenses-et-avantages\/#primaryimage"},"thumbnailUrl":"https:\/\/www.kanzasarl.com\/wp-content\/uploads\/2024\/09\/prestation-de-services.jpg","datePublished":"2018-06-07T15:51:24+00:00","dateModified":"2025-08-08T09:11:23+00:00","description":"D\u00e9couvrez les avantages offerts par Kanzasarl : primes, formations, environnement stimulant. Rejoignez notre \u00e9quipe \u00e0 Douala.","breadcrumb":{"@id":"https:\/\/www.kanzasarl.com\/carrieres\/recompenses-et-avantages\/#breadcrumb"},"inLanguage":"en-GB","potentialAction":[{"@type":"ReadAction","target":["https:\/\/www.kanzasarl.com\/carrieres\/recompenses-et-avantages\/"]}]},{"@type":"ImageObject","inLanguage":"en-GB","@id":"https:\/\/www.kanzasarl.com\/carrieres\/recompenses-et-avantages\/#primaryimage","url":"https:\/\/www.kanzasarl.com\/wp-content\/uploads\/2024\/09\/prestation-de-services.jpg","contentUrl":"https:\/\/www.kanzasarl.com\/wp-content\/uploads\/2024\/09\/prestation-de-services.jpg","width":1500,"height":1000,"caption":"postuler"},{"@type":"BreadcrumbList","@id":"https:\/\/www.kanzasarl.com\/carrieres\/recompenses-et-avantages\/#breadcrumb","itemListElement":[{"@type":"ListItem","position":1,"name":"Home","item":"https:\/\/www.kanzasarl.com\/"},{"@type":"ListItem","position":2,"name":"Carri\u00e8res","item":"https:\/\/www.kanzasarl.com\/carrieres\/"},{"@type":"ListItem","position":3,"name":"R\u00e9compenses et avantages"}]},{"@type":"WebSite","@id":"https:\/\/www.kanzasarl.com\/#website","url":"https:\/\/www.kanzasarl.com\/","name":"KANZA SARL","description":"","publisher":{"@id":"https:\/\/www.kanzasarl.com\/#organization"},"potentialAction":[{"@type":"SearchAction","target":{"@type":"EntryPoint","urlTemplate":"https:\/\/www.kanzasarl.com\/?s={search_term_string}"},"query-input":{"@type":"PropertyValueSpecification","valueRequired":true,"valueName":"search_term_string"}}],"inLanguage":"en-GB"},{"@type":"Organization","@id":"https:\/\/www.kanzasarl.com\/#organization","name":"KANZA SARL","url":"https:\/\/www.kanzasarl.com\/","logo":{"@type":"ImageObject","inLanguage":"en-GB","@id":"https:\/\/www.kanzasarl.com\/#\/schema\/logo\/image\/","url":"https:\/\/www.kanzasarl.com\/wp-content\/uploads\/2025\/08\/logo.png","contentUrl":"https:\/\/www.kanzasarl.com\/wp-content\/uploads\/2025\/08\/logo.png","width":646,"height":250,"caption":"KANZA SARL"},"image":{"@id":"https:\/\/www.kanzasarl.com\/#\/schema\/logo\/image\/"},"sameAs":["https:\/\/web.facebook.com\/CameroonEnergy","https:\/\/www.instagram.com\/kanzasarl\/#"]}]}},"_links":{"self":[{"href":"https:\/\/www.kanzasarl.com\/en\/wp-json\/wp\/v2\/pages\/694","targetHints":{"allow":["GET"]}}],"collection":[{"href":"https:\/\/www.kanzasarl.com\/en\/wp-json\/wp\/v2\/pages"}],"about":[{"href":"https:\/\/www.kanzasarl.com\/en\/wp-json\/wp\/v2\/types\/page"}],"author":[{"embeddable":true,"href":"https:\/\/www.kanzasarl.com\/en\/wp-json\/wp\/v2\/users\/1"}],"replies":[{"embeddable":true,"href":"https:\/\/www.kanzasarl.com\/en\/wp-json\/wp\/v2\/comments?post=694"}],"version-history":[{"count":2,"href":"https:\/\/www.kanzasarl.com\/en\/wp-json\/wp\/v2\/pages\/694\/revisions"}],"predecessor-version":[{"id":1142,"href":"https:\/\/www.kanzasarl.com\/en\/wp-json\/wp\/v2\/pages\/694\/revisions\/1142"}],"up":[{"embeddable":true,"href":"https:\/\/www.kanzasarl.com\/en\/wp-json\/wp\/v2\/pages\/690"}],"wp:featuredmedia":[{"embeddable":true,"href":"https:\/\/www.kanzasarl.com\/en\/wp-json\/wp\/v2\/media\/905"}],"wp:attachment":[{"href":"https:\/\/www.kanzasarl.com\/en\/wp-json\/wp\/v2\/media?parent=694"}],"curies":[{"name":"wp","href":"https:\/\/api.w.org\/{rel}","templated":true}]}}