{"id":696,"date":"2018-06-07T15:51:44","date_gmt":"2018-06-07T15:51:44","guid":{"rendered":"http:\/\/www.kanzasarl.com\/?page_id=696"},"modified":"2025-08-12T15:04:43","modified_gmt":"2025-08-12T15:04:43","slug":"pourquoi-kanza","status":"publish","type":"page","link":"https:\/\/www.kanzasarl.com\/en\/carrieres\/pourquoi-kanza\/","title":{"rendered":"Why work with us?"},"content":{"rendered":"<h2 class=\"wp-block-heading\">Safety first<\/h2>\n\n\n\n<p>Safety comes before work. We look out for each other and invest in our safety and training programs. In fact, we have one of the best safety records in our business.<\/p>\n\n\n\n<h2 class=\"wp-block-heading\">It's never boring<\/h2>\n\n\n\n<p>We love adventure and interesting challenges. We have utility projects across the country ?? sometimes in remote areas few foreigners see, sometimes in the heart of Cameroon\u2019s biggest cities.<\/p>\n\n\n\n<h2 class=\"wp-block-heading\">You are respected<\/h2>\n\n\n\n<p>We were founded on respect and inclusion of employees. We believe that every team member is important. In the same way, we expect your creativity and your best ideas.<\/p>\n\n\n\n<h2 class=\"wp-block-heading\">The right tools for the job<\/h2>\n\n\n\n<p>We provide the training and equipment needed to do the job safely and correctly. We have access to innovative technologies, proprietary methods and one of the industry\u2019s largest fleets of specialized utility equipment.<\/p>\n\n\n\n<h2 class=\"wp-block-heading\">Growth opportunities<\/h2>\n\n\n\n<p>We are among the oldest entrepreneurs, and we are growing every day. This means regular work for you and opportunities to develop your skills by working on different projects.<br>Nous faisons \u00e9galement partie des membres d&rsquo;ASEELEC, le plus grand entrepreneur d&rsquo;une association d&rsquo;\u00e9lectricit\u00e9 au Cameroun. Si vous voulez un avenir solide dans cette industrie, vous le trouverez ici.<br>Nous offrons \u00e9galement d&rsquo;excellentes r\u00e9compenses et avantages.<\/p>","protected":false},"excerpt":{"rendered":"<p>La s\u00e9curit\u00e9 d&rsquo;abord La s\u00e9curit\u00e9 vient avant le travail. Nous veillons les uns sur les autres et nous investissons dans nos programmes de s\u00e9curit\u00e9 et de formation. En fait, nous avons l&rsquo;un des meilleurs dossiers de s\u00e9curit\u00e9 dans notre activit\u00e9. Ce n&rsquo;est jamais ennuyeux Nous aimons l&rsquo;aventure et les d\u00e9fis int\u00e9ressants. Nous avons des projets [&hellip;]<\/p>","protected":false},"author":1,"featured_media":905,"parent":690,"menu_order":0,"comment_status":"closed","ping_status":"closed","template":"subpage-carrieres","meta":{"footnotes":""},"class_list":["post-696","page","type-page","status-publish","has-post-thumbnail","hentry"],"yoast_head":"<!-- This site is optimized with the Yoast SEO plugin v27.5 - https:\/\/yoast.com\/product\/yoast-seo-wordpress\/ -->\n<title>Pourquoi Kanza - KANZA SARL<\/title>\n<meta name=\"description\" content=\"D\u00e9couvrez les valeurs, l\u2019innovation et l\u2019expertise de Kanzasarl. Une entreprise de r\u00e9f\u00e9rence en r\u00e9seaux \u00e9lectrique, BTP,IT au Cameroun.\" \/>\n<meta name=\"robots\" content=\"index, follow, max-snippet:-1, max-image-preview:large, max-video-preview:-1\" \/>\n<link rel=\"canonical\" href=\"https:\/\/www.kanzasarl.com\/en\/carrieres\/pourquoi-kanza\/\" \/>\n<meta property=\"og:locale\" content=\"en_GB\" \/>\n<meta property=\"og:type\" content=\"article\" \/>\n<meta property=\"og:title\" content=\"Pourquoi Kanza - KANZA SARL\" \/>\n<meta property=\"og:description\" content=\"D\u00e9couvrez les valeurs, l\u2019innovation et l\u2019expertise de Kanzasarl. Une entreprise de r\u00e9f\u00e9rence en r\u00e9seaux \u00e9lectrique, BTP,IT au Cameroun.\" \/>\n<meta property=\"og:url\" content=\"https:\/\/www.kanzasarl.com\/en\/carrieres\/pourquoi-kanza\/\" \/>\n<meta property=\"og:site_name\" content=\"KANZA SARL\" \/>\n<meta property=\"article:publisher\" content=\"https:\/\/web.facebook.com\/CameroonEnergy\" \/>\n<meta property=\"article:modified_time\" content=\"2025-08-12T15:04:43+00:00\" \/>\n<meta property=\"og:image\" content=\"https:\/\/www.kanzasarl.com\/wp-content\/uploads\/2024\/09\/prestation-de-services.jpg\" \/>\n\t<meta property=\"og:image:width\" content=\"1500\" \/>\n\t<meta property=\"og:image:height\" content=\"1000\" \/>\n\t<meta property=\"og:image:type\" content=\"image\/jpeg\" \/>\n<meta name=\"twitter:card\" content=\"summary_large_image\" \/>\n<meta name=\"twitter:label1\" content=\"Estimated reading time\" \/>\n\t<meta name=\"twitter:data1\" content=\"2 minutes\" \/>\n<script type=\"application\/ld+json\" class=\"yoast-schema-graph\">{\"@context\":\"https:\\\/\\\/schema.org\",\"@graph\":[{\"@type\":\"WebPage\",\"@id\":\"https:\\\/\\\/www.kanzasarl.com\\\/carrieres\\\/pourquoi-kanza\\\/\",\"url\":\"https:\\\/\\\/www.kanzasarl.com\\\/carrieres\\\/pourquoi-kanza\\\/\",\"name\":\"Pourquoi Kanza - KANZA SARL\",\"isPartOf\":{\"@id\":\"https:\\\/\\\/www.kanzasarl.com\\\/#website\"},\"primaryImageOfPage\":{\"@id\":\"https:\\\/\\\/www.kanzasarl.com\\\/carrieres\\\/pourquoi-kanza\\\/#primaryimage\"},\"image\":{\"@id\":\"https:\\\/\\\/www.kanzasarl.com\\\/carrieres\\\/pourquoi-kanza\\\/#primaryimage\"},\"thumbnailUrl\":\"https:\\\/\\\/www.kanzasarl.com\\\/wp-content\\\/uploads\\\/2024\\\/09\\\/prestation-de-services.jpg\",\"datePublished\":\"2018-06-07T15:51:44+00:00\",\"dateModified\":\"2025-08-12T15:04:43+00:00\",\"description\":\"D\u00e9couvrez les valeurs, l\u2019innovation et l\u2019expertise de Kanzasarl. Une entreprise de r\u00e9f\u00e9rence en r\u00e9seaux \u00e9lectrique, BTP,IT au Cameroun.\",\"breadcrumb\":{\"@id\":\"https:\\\/\\\/www.kanzasarl.com\\\/carrieres\\\/pourquoi-kanza\\\/#breadcrumb\"},\"inLanguage\":\"en-GB\",\"potentialAction\":[{\"@type\":\"ReadAction\",\"target\":[\"https:\\\/\\\/www.kanzasarl.com\\\/carrieres\\\/pourquoi-kanza\\\/\"]}]},{\"@type\":\"ImageObject\",\"inLanguage\":\"en-GB\",\"@id\":\"https:\\\/\\\/www.kanzasarl.com\\\/carrieres\\\/pourquoi-kanza\\\/#primaryimage\",\"url\":\"https:\\\/\\\/www.kanzasarl.com\\\/wp-content\\\/uploads\\\/2024\\\/09\\\/prestation-de-services.jpg\",\"contentUrl\":\"https:\\\/\\\/www.kanzasarl.com\\\/wp-content\\\/uploads\\\/2024\\\/09\\\/prestation-de-services.jpg\",\"width\":1500,\"height\":1000,\"caption\":\"postuler\"},{\"@type\":\"BreadcrumbList\",\"@id\":\"https:\\\/\\\/www.kanzasarl.com\\\/carrieres\\\/pourquoi-kanza\\\/#breadcrumb\",\"itemListElement\":[{\"@type\":\"ListItem\",\"position\":1,\"name\":\"Home\",\"item\":\"https:\\\/\\\/www.kanzasarl.com\\\/\"},{\"@type\":\"ListItem\",\"position\":2,\"name\":\"Carri\u00e8res\",\"item\":\"https:\\\/\\\/www.kanzasarl.com\\\/carrieres\\\/\"},{\"@type\":\"ListItem\",\"position\":3,\"name\":\"Pourquoi Kanza\"}]},{\"@type\":\"WebSite\",\"@id\":\"https:\\\/\\\/www.kanzasarl.com\\\/#website\",\"url\":\"https:\\\/\\\/www.kanzasarl.com\\\/\",\"name\":\"KANZA SARL\",\"description\":\"\",\"publisher\":{\"@id\":\"https:\\\/\\\/www.kanzasarl.com\\\/#organization\"},\"potentialAction\":[{\"@type\":\"SearchAction\",\"target\":{\"@type\":\"EntryPoint\",\"urlTemplate\":\"https:\\\/\\\/www.kanzasarl.com\\\/?s={search_term_string}\"},\"query-input\":{\"@type\":\"PropertyValueSpecification\",\"valueRequired\":true,\"valueName\":\"search_term_string\"}}],\"inLanguage\":\"en-GB\"},{\"@type\":\"Organization\",\"@id\":\"https:\\\/\\\/www.kanzasarl.com\\\/#organization\",\"name\":\"KANZA SARL\",\"url\":\"https:\\\/\\\/www.kanzasarl.com\\\/\",\"logo\":{\"@type\":\"ImageObject\",\"inLanguage\":\"en-GB\",\"@id\":\"https:\\\/\\\/www.kanzasarl.com\\\/#\\\/schema\\\/logo\\\/image\\\/\",\"url\":\"https:\\\/\\\/www.kanzasarl.com\\\/wp-content\\\/uploads\\\/2025\\\/08\\\/logo.png\",\"contentUrl\":\"https:\\\/\\\/www.kanzasarl.com\\\/wp-content\\\/uploads\\\/2025\\\/08\\\/logo.png\",\"width\":646,\"height\":250,\"caption\":\"KANZA SARL\"},\"image\":{\"@id\":\"https:\\\/\\\/www.kanzasarl.com\\\/#\\\/schema\\\/logo\\\/image\\\/\"},\"sameAs\":[\"https:\\\/\\\/web.facebook.com\\\/CameroonEnergy\",\"https:\\\/\\\/www.instagram.com\\\/kanzasarl\\\/#\"]}]}<\/script>\n<!-- \/ Yoast SEO plugin. -->","yoast_head_json":{"title":"Pourquoi Kanza - KANZA SARL","description":"D\u00e9couvrez les valeurs, l\u2019innovation et l\u2019expertise de Kanzasarl. Une entreprise de r\u00e9f\u00e9rence en r\u00e9seaux \u00e9lectrique, BTP,IT au Cameroun.","robots":{"index":"index","follow":"follow","max-snippet":"max-snippet:-1","max-image-preview":"max-image-preview:large","max-video-preview":"max-video-preview:-1"},"canonical":"https:\/\/www.kanzasarl.com\/en\/carrieres\/pourquoi-kanza\/","og_locale":"en_GB","og_type":"article","og_title":"Pourquoi Kanza - KANZA SARL","og_description":"D\u00e9couvrez les valeurs, l\u2019innovation et l\u2019expertise de Kanzasarl. Une entreprise de r\u00e9f\u00e9rence en r\u00e9seaux \u00e9lectrique, BTP,IT au Cameroun.","og_url":"https:\/\/www.kanzasarl.com\/en\/carrieres\/pourquoi-kanza\/","og_site_name":"KANZA SARL","article_publisher":"https:\/\/web.facebook.com\/CameroonEnergy","article_modified_time":"2025-08-12T15:04:43+00:00","og_image":[{"width":1500,"height":1000,"url":"https:\/\/www.kanzasarl.com\/wp-content\/uploads\/2024\/09\/prestation-de-services.jpg","type":"image\/jpeg"}],"twitter_card":"summary_large_image","twitter_misc":{"Estimated reading time":"2 minutes"},"schema":{"@context":"https:\/\/schema.org","@graph":[{"@type":"WebPage","@id":"https:\/\/www.kanzasarl.com\/carrieres\/pourquoi-kanza\/","url":"https:\/\/www.kanzasarl.com\/carrieres\/pourquoi-kanza\/","name":"Pourquoi Kanza - KANZA SARL","isPartOf":{"@id":"https:\/\/www.kanzasarl.com\/#website"},"primaryImageOfPage":{"@id":"https:\/\/www.kanzasarl.com\/carrieres\/pourquoi-kanza\/#primaryimage"},"image":{"@id":"https:\/\/www.kanzasarl.com\/carrieres\/pourquoi-kanza\/#primaryimage"},"thumbnailUrl":"https:\/\/www.kanzasarl.com\/wp-content\/uploads\/2024\/09\/prestation-de-services.jpg","datePublished":"2018-06-07T15:51:44+00:00","dateModified":"2025-08-12T15:04:43+00:00","description":"D\u00e9couvrez les valeurs, l\u2019innovation et l\u2019expertise de Kanzasarl. Une entreprise de r\u00e9f\u00e9rence en r\u00e9seaux \u00e9lectrique, BTP,IT au Cameroun.","breadcrumb":{"@id":"https:\/\/www.kanzasarl.com\/carrieres\/pourquoi-kanza\/#breadcrumb"},"inLanguage":"en-GB","potentialAction":[{"@type":"ReadAction","target":["https:\/\/www.kanzasarl.com\/carrieres\/pourquoi-kanza\/"]}]},{"@type":"ImageObject","inLanguage":"en-GB","@id":"https:\/\/www.kanzasarl.com\/carrieres\/pourquoi-kanza\/#primaryimage","url":"https:\/\/www.kanzasarl.com\/wp-content\/uploads\/2024\/09\/prestation-de-services.jpg","contentUrl":"https:\/\/www.kanzasarl.com\/wp-content\/uploads\/2024\/09\/prestation-de-services.jpg","width":1500,"height":1000,"caption":"postuler"},{"@type":"BreadcrumbList","@id":"https:\/\/www.kanzasarl.com\/carrieres\/pourquoi-kanza\/#breadcrumb","itemListElement":[{"@type":"ListItem","position":1,"name":"Home","item":"https:\/\/www.kanzasarl.com\/"},{"@type":"ListItem","position":2,"name":"Carri\u00e8res","item":"https:\/\/www.kanzasarl.com\/carrieres\/"},{"@type":"ListItem","position":3,"name":"Pourquoi Kanza"}]},{"@type":"WebSite","@id":"https:\/\/www.kanzasarl.com\/#website","url":"https:\/\/www.kanzasarl.com\/","name":"KANZA SARL","description":"","publisher":{"@id":"https:\/\/www.kanzasarl.com\/#organization"},"potentialAction":[{"@type":"SearchAction","target":{"@type":"EntryPoint","urlTemplate":"https:\/\/www.kanzasarl.com\/?s={search_term_string}"},"query-input":{"@type":"PropertyValueSpecification","valueRequired":true,"valueName":"search_term_string"}}],"inLanguage":"en-GB"},{"@type":"Organization","@id":"https:\/\/www.kanzasarl.com\/#organization","name":"KANZA SARL","url":"https:\/\/www.kanzasarl.com\/","logo":{"@type":"ImageObject","inLanguage":"en-GB","@id":"https:\/\/www.kanzasarl.com\/#\/schema\/logo\/image\/","url":"https:\/\/www.kanzasarl.com\/wp-content\/uploads\/2025\/08\/logo.png","contentUrl":"https:\/\/www.kanzasarl.com\/wp-content\/uploads\/2025\/08\/logo.png","width":646,"height":250,"caption":"KANZA SARL"},"image":{"@id":"https:\/\/www.kanzasarl.com\/#\/schema\/logo\/image\/"},"sameAs":["https:\/\/web.facebook.com\/CameroonEnergy","https:\/\/www.instagram.com\/kanzasarl\/#"]}]}},"_links":{"self":[{"href":"https:\/\/www.kanzasarl.com\/en\/wp-json\/wp\/v2\/pages\/696","targetHints":{"allow":["GET"]}}],"collection":[{"href":"https:\/\/www.kanzasarl.com\/en\/wp-json\/wp\/v2\/pages"}],"about":[{"href":"https:\/\/www.kanzasarl.com\/en\/wp-json\/wp\/v2\/types\/page"}],"author":[{"embeddable":true,"href":"https:\/\/www.kanzasarl.com\/en\/wp-json\/wp\/v2\/users\/1"}],"replies":[{"embeddable":true,"href":"https:\/\/www.kanzasarl.com\/en\/wp-json\/wp\/v2\/comments?post=696"}],"version-history":[{"count":3,"href":"https:\/\/www.kanzasarl.com\/en\/wp-json\/wp\/v2\/pages\/696\/revisions"}],"predecessor-version":[{"id":1230,"href":"https:\/\/www.kanzasarl.com\/en\/wp-json\/wp\/v2\/pages\/696\/revisions\/1230"}],"up":[{"embeddable":true,"href":"https:\/\/www.kanzasarl.com\/en\/wp-json\/wp\/v2\/pages\/690"}],"wp:featuredmedia":[{"embeddable":true,"href":"https:\/\/www.kanzasarl.com\/en\/wp-json\/wp\/v2\/media\/905"}],"wp:attachment":[{"href":"https:\/\/www.kanzasarl.com\/en\/wp-json\/wp\/v2\/media?parent=696"}],"curies":[{"name":"wp","href":"https:\/\/api.w.org\/{rel}","templated":true}]}}