{"id":698,"date":"2018-06-07T17:53:35","date_gmt":"2018-06-07T17:53:35","guid":{"rendered":"http:\/\/www.kanzasarl.com\/?page_id=698"},"modified":"2025-09-08T12:12:32","modified_gmt":"2025-09-08T12:12:32","slug":"nous-joindre","status":"publish","type":"page","link":"https:\/\/www.kanzasarl.com\/en\/nous-joindre\/","title":{"rendered":"Get in touch"},"content":{"rendered":"<div class=\"wp-block-group alignfull has-global-padding is-layout-constrained wp-block-group-is-layout-constrained\" style=\"padding-bottom:var(--wp--preset--spacing--30)\">\n<div class=\"wp-block-columns alignwide is-layout-flex wp-container-core-columns-is-layout-08c01c1c wp-block-columns-is-layout-flex\">\n<div class=\"wp-block-column is-layout-flow wp-block-column-is-layout-flow\" style=\"flex-basis:33.33%\">\n<div class=\"wp-block-group is-vertical is-layout-flex wp-container-core-group-is-layout-27e3c2d1 wp-block-group-is-layout-flex\" style=\"margin-bottom:var(--wp--preset--spacing--10)\">\n<p><strong>Douala ( contact Direction Generale)<\/strong><\/p>\n\n\n\n<p><svg xmlns=\"http:\/\/www.w3.org\/2000\/svg\" fill=\"none\" viewbox=\"0 0 24 24\" stroke-width=\"2\" class=\"w-6 h-6\" stroke=\"currentColor\"><path stroke-linecap=\"round\" stroke-linejoin=\"round\" d=\"M15 10.5a3 3 0 1 1-6 0 3 3 0 0 1 6 0Z\" \/><path stroke-linecap=\"round\" stroke-linejoin=\"round\" d=\"M19.5 10.5c0 7.142-7.5 11.25-7.5 11.25S4.5 17.642 4.5 10.5a7.5 7.5 0 1 1 15 0Z\" \/><\/svg> Brazzaville, in front of Hotel Le oulevard, Douala, Cameroon <\/p>\n\n\n\n<p><svg xmlns=\"http:\/\/www.w3.org\/2000\/svg\" fill=\"none\" viewbox=\"0 0 24 24\" stroke-width=\"2\" class=\"w-6 h-6\" stroke=\"currentColor\"><path stroke-linecap=\"round\" stroke-linejoin=\"round\" d=\"M2.25 6.75c0 8.284 6.716 15 15 15h2.25a2.25 2.25 0 0 0 2.25-2.25v-1.372c0-.516-.351-.966-.852-1.091l-4.423-1.106c-.44-.11-.902.055-1.173.417l-.97 1.293c-.282.376-.769.542-1.21.38a12.035 12.035 0 0 1-7.143-7.143c-.162-.441.004-.928.38-1.21l1.293-.97c.363-.271.527-.734.417-1.173L6.963 3.102a1.125 1.125 0 0 0-1.091-.852H4.5A2.25 2.25 0 0 0 2.25 4.5v2.25Z\" \/><\/svg> <a href=\"tel:654224087\">(+237) 654-224-087<\/a> \/ <a href=\"tel:654282414\">654-28-24-14<\/a> \/ <a href=\"tel:677928809\">677 92 88 09<\/a><\/p>\n\n\n\n<p><svg xmlns=\"http:\/\/www.w3.org\/2000\/svg\" fill=\"none\" viewbox=\"0 0 24 24\" stroke-width=\"2\" class=\"w-6 h-6\" stroke=\"currentColor\"><path stroke-linecap=\"round\" stroke-linejoin=\"round\" d=\"M21.75 6.75v10.5a2.25 2.25 0 0 1-2.25 2.25h-15a2.25 2.25 0 0 1-2.25-2.25V6.75m19.5 0A2.25 2.25 0 0 0 19.5 4.5h-15a2.25 2.25 0 0 0-2.25 2.25m19.5 0v.243a2.25 2.25 0 0 1-1.07 1.916l-7.5 4.615a2.25 2.25 0 0 1-2.36 0L3.32 8.91a2.25 2.25 0 0 1-1.07-1.916V6.75\" \/><\/svg> <a href=\"mailto:contacts@kanzasarl.com\">contacts@kanzasarl.com<\/a><\/p>\n<\/div>\n\n\n\n<div class=\"wp-block-group is-vertical is-layout-flex wp-container-core-group-is-layout-27e3c2d1 wp-block-group-is-layout-flex\" style=\"margin-bottom:var(--wp--preset--spacing--10)\">\n<p><strong>Garoua<\/strong><\/p>\n\n\n\n<p><svg xmlns=\"http:\/\/www.w3.org\/2000\/svg\" fill=\"none\" viewbox=\"0 0 24 24\" stroke-width=\"2\" class=\"w-6 h-6\" stroke=\"currentColor\"><path stroke-linecap=\"round\" stroke-linejoin=\"round\" d=\"M15 10.5a3 3 0 1 1-6 0 3 3 0 0 1 6 0Z\" \/><path stroke-linecap=\"round\" stroke-linejoin=\"round\" d=\"M19.5 10.5c0 7.142-7.5 11.25-7.5 11.25S4.5 17.642 4.5 10.5a7.5 7.5 0 1 1 15 0Z\" \/><\/svg> Camp SICAM<\/p>\n<\/div>\n\n\n\n<div class=\"wp-block-group is-vertical is-layout-flex wp-container-core-group-is-layout-27e3c2d1 wp-block-group-is-layout-flex\" style=\"margin-bottom:var(--wp--preset--spacing--10)\">\n<p><strong>Maroua<\/strong><\/p>\n\n\n\n<p><svg xmlns=\"http:\/\/www.w3.org\/2000\/svg\" fill=\"none\" viewbox=\"0 0 24 24\" stroke-width=\"2\" class=\"w-6 h-6\" stroke=\"currentColor\"><path stroke-linecap=\"round\" stroke-linejoin=\"round\" d=\"M15 10.5a3 3 0 1 1-6 0 3 3 0 0 1 6 0Z\" \/><path stroke-linecap=\"round\" stroke-linejoin=\"round\" d=\"M19.5 10.5c0 7.142-7.5 11.25-7.5 11.25S4.5 17.642 4.5 10.5a7.5 7.5 0 1 1 15 0Z\" \/><\/svg> Doualre<\/p>\n<\/div>\n\n\n\n<div class=\"wp-block-group is-vertical is-layout-flex wp-container-core-group-is-layout-27e3c2d1 wp-block-group-is-layout-flex\" style=\"margin-bottom:var(--wp--preset--spacing--10)\">\n<p><strong>Edea<\/strong><\/p>\n\n\n\n<p><svg xmlns=\"http:\/\/www.w3.org\/2000\/svg\" fill=\"none\" viewbox=\"0 0 24 24\" stroke-width=\"2\" class=\"w-6 h-6\" stroke=\"currentColor\"><path stroke-linecap=\"round\" stroke-linejoin=\"round\" d=\"M15 10.5a3 3 0 1 1-6 0 3 3 0 0 1 6 0Z\" \/><path stroke-linecap=\"round\" stroke-linejoin=\"round\" d=\"M19.5 10.5c0 7.142-7.5 11.25-7.5 11.25S4.5 17.642 4.5 10.5a7.5 7.5 0 1 1 15 0Z\" \/><\/svg> Next ENEO Pouma<\/p>\n<\/div>\n\n\n\n<div class=\"wp-block-group is-vertical is-layout-flex wp-container-core-group-is-layout-27e3c2d1 wp-block-group-is-layout-flex\" style=\"margin-bottom:var(--wp--preset--spacing--10)\">\n<p><strong>Mbalmayo<\/strong><\/p>\n\n\n\n<p><svg xmlns=\"http:\/\/www.w3.org\/2000\/svg\" fill=\"none\" viewbox=\"0 0 24 24\" stroke-width=\"2\" class=\"w-6 h-6\" stroke=\"currentColor\"><path stroke-linecap=\"round\" stroke-linejoin=\"round\" d=\"M15 10.5a3 3 0 1 1-6 0 3 3 0 0 1 6 0Z\" \/><path stroke-linecap=\"round\" stroke-linejoin=\"round\" d=\"M19.5 10.5c0 7.142-7.5 11.25-7.5 11.25S4.5 17.642 4.5 10.5a7.5 7.5 0 1 1 15 0Z\" \/><\/svg> <a href=\"http:\/\/www.africabizinfo.com\">March\u00e9 Japon<\/a><\/p>\n<\/div>\n\n\n\n<div class=\"wp-block-group is-vertical is-layout-flex wp-container-core-group-is-layout-28a6f59e wp-block-group-is-layout-flex\" style=\"margin-bottom:var(--wp--preset--spacing--30)\">\n<p><strong>Bertoua<\/strong><\/p>\n\n\n\n<p><svg xmlns=\"http:\/\/www.w3.org\/2000\/svg\" fill=\"none\" viewbox=\"0 0 24 24\" stroke-width=\"2\" class=\"w-6 h-6\" stroke=\"currentColor\"><path stroke-linecap=\"round\" stroke-linejoin=\"round\" d=\"M15 10.5a3 3 0 1 1-6 0 3 3 0 0 1 6 0Z\" \/><path stroke-linecap=\"round\" stroke-linejoin=\"round\" d=\"M19.5 10.5c0 7.142-7.5 11.25-7.5 11.25S4.5 17.642 4.5 10.5a7.5 7.5 0 1 1 15 0Z\" \/><\/svg> SONEL<\/p>\n<\/div>\n<\/div>\n\n\n\n<div class=\"wp-block-column is-layout-flow wp-block-column-is-layout-flow\" style=\"flex-basis:66.66%\">\n<h2 class=\"wp-block-heading\">Formulaire de contact<\/h2>\n\n\n        <!-- ouverture balise -->\r\n                    <form \r\n                action=\"\"\r\n                method=\"POST\"\r\n                name=\"contact\"\r\n                id=\"contact\" data-trp-original-action=\"\"\r\n                                            >\r\n        \r\n        <!-- champs -->\r\n                <div class=\"form-group\">\r\n            <!-- label -->\r\n                            <label for=\"champ_nom\">\r\n                    Name                                            &nbsp; <span style=\"color: red\">*<\/span>\r\n                                    <\/label>\r\n            \r\n            <!-- champ -->\r\n                                <input name=\"nom\" class=\"form-control\" type=\"text\" required \/>\r\n                            <\/div>\r\n                <div class=\"form-group\">\r\n            <!-- label -->\r\n                            <label for=\"champ_email\">\r\n                    Email address                                    <\/label>\r\n            \r\n            <!-- champ -->\r\n                                <input name=\"email\" class=\"form-control\" type=\"text\" placeholder=\"info@kanzasarl.com\" \/>\r\n                            <\/div>\r\n                <div class=\"form-group\">\r\n            <!-- label -->\r\n                            <label for=\"champ_tel\">\r\n                    Phone number                                            &nbsp; <span style=\"color: red\">*<\/span>\r\n                                    <\/label>\r\n            \r\n            <!-- champ -->\r\n                                <input name=\"tel\" class=\"form-control\" type=\"text\" required \/>\r\n                            <\/div>\r\n                <div class=\"form-group\">\r\n            <!-- label -->\r\n                            <label for=\"champ_objet\">\r\n                    Subject                                            &nbsp; <span style=\"color: red\">*<\/span>\r\n                                    <\/label>\r\n            \r\n            <!-- champ -->\r\n                                <input name=\"objet\" class=\"form-control\" type=\"text\" placeholder=\"What is the subject of your message?\" required \/>\r\n                            <\/div>\r\n                <div class=\"form-group\">\r\n            <!-- label -->\r\n                            <label for=\"champ_message\">\r\n                    Message                                            &nbsp; <span style=\"color: red\">*<\/span>\r\n                                    <\/label>\r\n            \r\n            <!-- champ -->\r\n                                <textarea name=\"message\" class=\"form-control\" required><\/textarea>\r\n                            <\/div>\r\n        \r\n        <!-- fermeture balise -->\r\n                        <div class=\"wp-block-buttons alignwide is-layout-flex wp-container-core-buttons-is-layout-1 wp-block-buttons-is-layout-flex\" style=\"margin-top:var(--wp--preset--spacing--30)\">\r\n                    <div class=\"wp-block-button\">\r\n                        <button type=\"submit\" class=\"wp-block-button__link wp-element-button\">Submit<\/button>\r\n                    <\/div>\r\n                <\/div>\r\n            <input type=\"hidden\" name=\"trp-form-language\" value=\"en\"\/><\/form>\r\n                \n<\/div>\n<\/div>\n<\/div>","protected":false},"excerpt":{"rendered":"<p>Douala ( contact Direction Generale) Brazzaville, en face de l&rsquo;H\u00f4tel Le Boulevard, Douala, Cameroun (+237) 654-224-087 \/ 654-28-24-14 \/ 677 92 88 09 contacts@kanzasarl.com Garoua Camp SICAM Maroua Doualre Edea A c\u00f4t\u00e9 d&rsquo;ENEO Pouma Mbalmayo March\u00e9 Japon Bertoua SONEL Formulaire de contact<\/p>","protected":false},"author":1,"featured_media":183,"parent":0,"menu_order":0,"comment_status":"closed","ping_status":"closed","template":"page-standard","meta":{"footnotes":""},"class_list":["post-698","page","type-page","status-publish","has-post-thumbnail","hentry"],"yoast_head":"<!-- This site is optimized with the Yoast SEO plugin v27.5 - https:\/\/yoast.com\/product\/yoast-seo-wordpress\/ -->\n<title>Contact - KANZA SARL<\/title>\n<meta name=\"description\" content=\"contact Kanzasarl \u2013 entreprise electrique \u00e0 Douala. R\u00e9ponse rapide, expertise locale, assistance technique d\u00e9di\u00e9e.\" \/>\n<meta name=\"robots\" content=\"index, follow, max-snippet:-1, max-image-preview:large, max-video-preview:-1\" \/>\n<link rel=\"canonical\" href=\"https:\/\/www.kanzasarl.com\/en\/nous-joindre\/\" \/>\n<meta property=\"og:locale\" content=\"en_GB\" \/>\n<meta property=\"og:type\" content=\"article\" \/>\n<meta property=\"og:title\" content=\"Contact - KANZA SARL\" \/>\n<meta property=\"og:description\" content=\"contact Kanzasarl \u2013 entreprise electrique \u00e0 Douala. R\u00e9ponse rapide, expertise locale, assistance technique d\u00e9di\u00e9e.\" \/>\n<meta property=\"og:url\" content=\"https:\/\/www.kanzasarl.com\/en\/nous-joindre\/\" \/>\n<meta property=\"og:site_name\" content=\"KANZA SARL\" \/>\n<meta property=\"article:publisher\" content=\"https:\/\/web.facebook.com\/CameroonEnergy\" \/>\n<meta property=\"article:modified_time\" content=\"2025-09-08T12:12:32+00:00\" \/>\n<meta property=\"og:image\" content=\"https:\/\/www.kanzasarl.com\/wp-content\/uploads\/2018\/02\/28190524_10159953533145321_1666387075_n.jpg\" \/>\n\t<meta property=\"og:image:width\" content=\"913\" \/>\n\t<meta property=\"og:image:height\" content=\"594\" \/>\n\t<meta property=\"og:image:type\" content=\"image\/jpeg\" \/>\n<meta name=\"twitter:card\" content=\"summary_large_image\" \/>\n<meta name=\"twitter:label1\" content=\"Estimated reading time\" \/>\n\t<meta name=\"twitter:data1\" content=\"1 minute\" \/>\n<script type=\"application\/ld+json\" class=\"yoast-schema-graph\">{\"@context\":\"https:\\\/\\\/schema.org\",\"@graph\":[{\"@type\":\"WebPage\",\"@id\":\"https:\\\/\\\/www.kanzasarl.com\\\/nous-joindre\\\/\",\"url\":\"https:\\\/\\\/www.kanzasarl.com\\\/nous-joindre\\\/\",\"name\":\"Contact - KANZA SARL\",\"isPartOf\":{\"@id\":\"https:\\\/\\\/www.kanzasarl.com\\\/#website\"},\"primaryImageOfPage\":{\"@id\":\"https:\\\/\\\/www.kanzasarl.com\\\/nous-joindre\\\/#primaryimage\"},\"image\":{\"@id\":\"https:\\\/\\\/www.kanzasarl.com\\\/nous-joindre\\\/#primaryimage\"},\"thumbnailUrl\":\"https:\\\/\\\/www.kanzasarl.com\\\/wp-content\\\/uploads\\\/2018\\\/02\\\/28190524_10159953533145321_1666387075_n.jpg\",\"datePublished\":\"2018-06-07T17:53:35+00:00\",\"dateModified\":\"2025-09-08T12:12:32+00:00\",\"description\":\"contact Kanzasarl \u2013 entreprise electrique \u00e0 Douala. R\u00e9ponse rapide, expertise locale, assistance technique d\u00e9di\u00e9e.\",\"breadcrumb\":{\"@id\":\"https:\\\/\\\/www.kanzasarl.com\\\/nous-joindre\\\/#breadcrumb\"},\"inLanguage\":\"en-GB\",\"potentialAction\":[{\"@type\":\"ReadAction\",\"target\":[\"https:\\\/\\\/www.kanzasarl.com\\\/nous-joindre\\\/\"]}]},{\"@type\":\"ImageObject\",\"inLanguage\":\"en-GB\",\"@id\":\"https:\\\/\\\/www.kanzasarl.com\\\/nous-joindre\\\/#primaryimage\",\"url\":\"https:\\\/\\\/www.kanzasarl.com\\\/wp-content\\\/uploads\\\/2018\\\/02\\\/28190524_10159953533145321_1666387075_n.jpg\",\"contentUrl\":\"https:\\\/\\\/www.kanzasarl.com\\\/wp-content\\\/uploads\\\/2018\\\/02\\\/28190524_10159953533145321_1666387075_n.jpg\",\"width\":913,\"height\":594,\"caption\":\"contact\"},{\"@type\":\"BreadcrumbList\",\"@id\":\"https:\\\/\\\/www.kanzasarl.com\\\/nous-joindre\\\/#breadcrumb\",\"itemListElement\":[{\"@type\":\"ListItem\",\"position\":1,\"name\":\"Home\",\"item\":\"https:\\\/\\\/www.kanzasarl.com\\\/\"},{\"@type\":\"ListItem\",\"position\":2,\"name\":\"Contact\"}]},{\"@type\":\"WebSite\",\"@id\":\"https:\\\/\\\/www.kanzasarl.com\\\/#website\",\"url\":\"https:\\\/\\\/www.kanzasarl.com\\\/\",\"name\":\"KANZA SARL\",\"description\":\"\",\"publisher\":{\"@id\":\"https:\\\/\\\/www.kanzasarl.com\\\/#organization\"},\"potentialAction\":[{\"@type\":\"SearchAction\",\"target\":{\"@type\":\"EntryPoint\",\"urlTemplate\":\"https:\\\/\\\/www.kanzasarl.com\\\/?s={search_term_string}\"},\"query-input\":{\"@type\":\"PropertyValueSpecification\",\"valueRequired\":true,\"valueName\":\"search_term_string\"}}],\"inLanguage\":\"en-GB\"},{\"@type\":\"Organization\",\"@id\":\"https:\\\/\\\/www.kanzasarl.com\\\/#organization\",\"name\":\"KANZA SARL\",\"url\":\"https:\\\/\\\/www.kanzasarl.com\\\/\",\"logo\":{\"@type\":\"ImageObject\",\"inLanguage\":\"en-GB\",\"@id\":\"https:\\\/\\\/www.kanzasarl.com\\\/#\\\/schema\\\/logo\\\/image\\\/\",\"url\":\"https:\\\/\\\/www.kanzasarl.com\\\/wp-content\\\/uploads\\\/2025\\\/08\\\/logo.png\",\"contentUrl\":\"https:\\\/\\\/www.kanzasarl.com\\\/wp-content\\\/uploads\\\/2025\\\/08\\\/logo.png\",\"width\":646,\"height\":250,\"caption\":\"KANZA SARL\"},\"image\":{\"@id\":\"https:\\\/\\\/www.kanzasarl.com\\\/#\\\/schema\\\/logo\\\/image\\\/\"},\"sameAs\":[\"https:\\\/\\\/web.facebook.com\\\/CameroonEnergy\",\"https:\\\/\\\/www.instagram.com\\\/kanzasarl\\\/#\"]}]}<\/script>\n<!-- \/ Yoast SEO plugin. -->","yoast_head_json":{"title":"Contact - KANZA SARL","description":"contact Kanzasarl \u2013 entreprise electrique \u00e0 Douala. R\u00e9ponse rapide, expertise locale, assistance technique d\u00e9di\u00e9e.","robots":{"index":"index","follow":"follow","max-snippet":"max-snippet:-1","max-image-preview":"max-image-preview:large","max-video-preview":"max-video-preview:-1"},"canonical":"https:\/\/www.kanzasarl.com\/en\/nous-joindre\/","og_locale":"en_GB","og_type":"article","og_title":"Contact - KANZA SARL","og_description":"contact Kanzasarl \u2013 entreprise electrique \u00e0 Douala. R\u00e9ponse rapide, expertise locale, assistance technique d\u00e9di\u00e9e.","og_url":"https:\/\/www.kanzasarl.com\/en\/nous-joindre\/","og_site_name":"KANZA SARL","article_publisher":"https:\/\/web.facebook.com\/CameroonEnergy","article_modified_time":"2025-09-08T12:12:32+00:00","og_image":[{"width":913,"height":594,"url":"https:\/\/www.kanzasarl.com\/wp-content\/uploads\/2018\/02\/28190524_10159953533145321_1666387075_n.jpg","type":"image\/jpeg"}],"twitter_card":"summary_large_image","twitter_misc":{"Estimated reading time":"1 minute"},"schema":{"@context":"https:\/\/schema.org","@graph":[{"@type":"WebPage","@id":"https:\/\/www.kanzasarl.com\/nous-joindre\/","url":"https:\/\/www.kanzasarl.com\/nous-joindre\/","name":"Contact - KANZA SARL","isPartOf":{"@id":"https:\/\/www.kanzasarl.com\/#website"},"primaryImageOfPage":{"@id":"https:\/\/www.kanzasarl.com\/nous-joindre\/#primaryimage"},"image":{"@id":"https:\/\/www.kanzasarl.com\/nous-joindre\/#primaryimage"},"thumbnailUrl":"https:\/\/www.kanzasarl.com\/wp-content\/uploads\/2018\/02\/28190524_10159953533145321_1666387075_n.jpg","datePublished":"2018-06-07T17:53:35+00:00","dateModified":"2025-09-08T12:12:32+00:00","description":"contact Kanzasarl \u2013 entreprise electrique \u00e0 Douala. R\u00e9ponse rapide, expertise locale, assistance technique d\u00e9di\u00e9e.","breadcrumb":{"@id":"https:\/\/www.kanzasarl.com\/nous-joindre\/#breadcrumb"},"inLanguage":"en-GB","potentialAction":[{"@type":"ReadAction","target":["https:\/\/www.kanzasarl.com\/nous-joindre\/"]}]},{"@type":"ImageObject","inLanguage":"en-GB","@id":"https:\/\/www.kanzasarl.com\/nous-joindre\/#primaryimage","url":"https:\/\/www.kanzasarl.com\/wp-content\/uploads\/2018\/02\/28190524_10159953533145321_1666387075_n.jpg","contentUrl":"https:\/\/www.kanzasarl.com\/wp-content\/uploads\/2018\/02\/28190524_10159953533145321_1666387075_n.jpg","width":913,"height":594,"caption":"contact"},{"@type":"BreadcrumbList","@id":"https:\/\/www.kanzasarl.com\/nous-joindre\/#breadcrumb","itemListElement":[{"@type":"ListItem","position":1,"name":"Home","item":"https:\/\/www.kanzasarl.com\/"},{"@type":"ListItem","position":2,"name":"Contact"}]},{"@type":"WebSite","@id":"https:\/\/www.kanzasarl.com\/#website","url":"https:\/\/www.kanzasarl.com\/","name":"KANZA SARL","description":"","publisher":{"@id":"https:\/\/www.kanzasarl.com\/#organization"},"potentialAction":[{"@type":"SearchAction","target":{"@type":"EntryPoint","urlTemplate":"https:\/\/www.kanzasarl.com\/?s={search_term_string}"},"query-input":{"@type":"PropertyValueSpecification","valueRequired":true,"valueName":"search_term_string"}}],"inLanguage":"en-GB"},{"@type":"Organization","@id":"https:\/\/www.kanzasarl.com\/#organization","name":"KANZA SARL","url":"https:\/\/www.kanzasarl.com\/","logo":{"@type":"ImageObject","inLanguage":"en-GB","@id":"https:\/\/www.kanzasarl.com\/#\/schema\/logo\/image\/","url":"https:\/\/www.kanzasarl.com\/wp-content\/uploads\/2025\/08\/logo.png","contentUrl":"https:\/\/www.kanzasarl.com\/wp-content\/uploads\/2025\/08\/logo.png","width":646,"height":250,"caption":"KANZA SARL"},"image":{"@id":"https:\/\/www.kanzasarl.com\/#\/schema\/logo\/image\/"},"sameAs":["https:\/\/web.facebook.com\/CameroonEnergy","https:\/\/www.instagram.com\/kanzasarl\/#"]}]}},"_links":{"self":[{"href":"https:\/\/www.kanzasarl.com\/en\/wp-json\/wp\/v2\/pages\/698","targetHints":{"allow":["GET"]}}],"collection":[{"href":"https:\/\/www.kanzasarl.com\/en\/wp-json\/wp\/v2\/pages"}],"about":[{"href":"https:\/\/www.kanzasarl.com\/en\/wp-json\/wp\/v2\/types\/page"}],"author":[{"embeddable":true,"href":"https:\/\/www.kanzasarl.com\/en\/wp-json\/wp\/v2\/users\/1"}],"replies":[{"embeddable":true,"href":"https:\/\/www.kanzasarl.com\/en\/wp-json\/wp\/v2\/comments?post=698"}],"version-history":[{"count":28,"href":"https:\/\/www.kanzasarl.com\/en\/wp-json\/wp\/v2\/pages\/698\/revisions"}],"predecessor-version":[{"id":1271,"href":"https:\/\/www.kanzasarl.com\/en\/wp-json\/wp\/v2\/pages\/698\/revisions\/1271"}],"wp:featuredmedia":[{"embeddable":true,"href":"https:\/\/www.kanzasarl.com\/en\/wp-json\/wp\/v2\/media\/183"}],"wp:attachment":[{"href":"https:\/\/www.kanzasarl.com\/en\/wp-json\/wp\/v2\/media?parent=698"}],"curies":[{"name":"wp","href":"https:\/\/api.w.org\/{rel}","templated":true}]}}