{"id":702,"date":"2018-06-07T17:57:41","date_gmt":"2018-06-07T17:57:41","guid":{"rendered":"http:\/\/www.kanzasarl.com\/?page_id=702"},"modified":"2025-09-08T11:57:38","modified_gmt":"2025-09-08T11:57:38","slug":"qualite-et-securite","status":"publish","type":"page","link":"https:\/\/www.kanzasarl.com\/en\/qualite-et-securite\/","title":{"rendered":"Quality ans safety"},"content":{"rendered":"<h2 class=\"wp-block-heading\">S\u00e9curit\u00e9<\/h2>\n\n\n\n<p>Kanza Sarl consid\u00e8re que la s\u00e9curit\u00e9 de ses employ\u00e9s, entrepreneurs, voisins, clients et du grand public est primordiale.<\/p>\n\n\n\n<p>Nos employ\u00e9s travaillent sur des terrains difficiles et parcourent des millions de kilom\u00e8tres chaque ann\u00e9e. Garder les gens en s\u00e9curit\u00e9, jour apr\u00e8s jour, est la chose la plus importante que nous faisons. Au-del\u00e0 de toutes les autres activit\u00e9s, nous maintenons un environnement de travail s\u00e9curitaire. Parce que nous insistons sur des normes techniques et de s\u00e9curit\u00e9 \u00e9lev\u00e9es, Kanza poss\u00e8de l&rsquo;un des meilleurs dossiers de s\u00e9curit\u00e9 de l&rsquo;industrie. Nous nous engageons \u00e0 fournir une qualit\u00e9 d&rsquo;ex\u00e9cution in\u00e9gal\u00e9e, comme le montre notre palmar\u00e8s.<\/p>\n\n\n\n<ul class=\"wp-block-list\">\n<li>Depuis 2011, le syst\u00e8me de gestion de la sant\u00e9 et de la s\u00e9curit\u00e9 de Kanza a \u00e9t\u00e9 r\u00e9vis\u00e9 au plus haut niveau. Nous travaillons pour obtenir OHSAS 18001 qui est une norme internationalement reconnue pour les syst\u00e8mes de gestion de la sant\u00e9 et de la s\u00e9curit\u00e9 au travail. Cette norme signifie que Kanza doit pr\u00e9senter un syst\u00e8me de gestion de la sant\u00e9 et de la s\u00e9curit\u00e9 au travail qui a \u00e9t\u00e9 certifi\u00e9 par un auditeur ind\u00e9pendant.<\/li>\n\n\n\n<li>Un certificat de reconnaissance (CdR) reconna\u00eet les employeurs qui \u00e9laborent des programmes de sant\u00e9 et de s\u00e9curit\u00e9 conformes aux normes \u00e9tablies. Un certificat du CEM d\u00e9montre que le syst\u00e8me de gestion de la sant\u00e9 et de la s\u00e9curit\u00e9 de l&#8217;employeur a \u00e9t\u00e9 \u00e9valu\u00e9 par un v\u00e9rificateur agr\u00e9\u00e9 et qu&rsquo;il respecte les normes provinciales.<\/li>\n\n\n\n<li>Kanza est fi\u00e8re de soutenir la d\u00e9signation de s\u00e9curit\u00e9 ENEO. Bon nombre de nos professionnels de la sant\u00e9 et de la s\u00e9curit\u00e9 ont obtenu cette d\u00e9signation.<\/li>\n\n\n\n<li>Kanza Sarl a cl\u00f4tur\u00e9 2017 avec des blessures \u00e0 temps perdu ZERO. Kanza est tr\u00e8s fi\u00e8re de cette r\u00e9ussite et, plus important encore, nous sommes fiers du travail acharn\u00e9 que nos employ\u00e9s effectuent chaque jour pour travailler en toute s\u00e9curit\u00e9 et faire de la s\u00e9curit\u00e9 une valeur fondamentale de Kanza.<\/li>\n<\/ul>\n\n\n\n<h2 class=\"wp-block-heading\">Kanza Sarl fournit la qualit\u00e9 dans chaque projet<\/h2>\n\n\n\n<p>En tant qu&rsquo;entreprise de services publics plus s\u00fbre du Cameroun, nous reconnaissons depuis longtemps l&rsquo;importance des processus d&rsquo;assurance qualit\u00e9, pour aider \u00e0 r\u00e9aliser une entreprise efficace et rentable. Nos normes de pointe dans l&rsquo;industrie nous permettent de fournir \u00e0 nos clients une qualit\u00e9 toujours in\u00e9gal\u00e9e, assurant leur satisfaction et leur succ\u00e8s continu.<\/p>\n\n\n\n<p>Le syst\u00e8me de gestion de la qualit\u00e9 et les plans de qualit\u00e9 du projet nous permettent de fournir constamment un haut niveau de travail conform\u00e9ment aux sp\u00e9cifications, aux dessins et \u00e0 la documentation du client pour tous les projets que nous entreprenons. Ceci est r\u00e9alis\u00e9 gr\u00e2ce \u00e0 un cadre pour l&rsquo;\u00e9tablissement et l&rsquo;examen des objectifs de qualit\u00e9 assurant une planification efficace, le fonctionnement et l&rsquo;ex\u00e9cution de nos processus.<\/p>\n\n\n\n<div style=\"height:70px\" aria-hidden=\"true\" class=\"wp-block-spacer\"><\/div>","protected":false},"excerpt":{"rendered":"<p>S\u00e9curit\u00e9 Kanza Sarl consid\u00e8re que la s\u00e9curit\u00e9 de ses employ\u00e9s, entrepreneurs, voisins, clients et du grand public est primordiale. Nos employ\u00e9s travaillent sur des terrains difficiles et parcourent des millions de kilom\u00e8tres chaque ann\u00e9e. Garder les gens en s\u00e9curit\u00e9, jour apr\u00e8s jour, est la chose la plus importante que nous faisons. Au-del\u00e0 de toutes les [&hellip;]<\/p>","protected":false},"author":1,"featured_media":867,"parent":0,"menu_order":0,"comment_status":"closed","ping_status":"closed","template":"page-standard","meta":{"footnotes":""},"class_list":["post-702","page","type-page","status-publish","has-post-thumbnail","hentry"],"yoast_head":"<!-- This site is optimized with the Yoast SEO plugin v27.5 - https:\/\/yoast.com\/product\/yoast-seo-wordpress\/ -->\n<title>Qualit\u00e9 et s\u00e9curit\u00e9 - KANZA SARL<\/title>\n<meta name=\"description\" content=\"qualit\u00e9 et s\u00e9curit\u00e9 de haut niveau. Interventions ma\u00eetris\u00e9es, maintenance fiable et solutions techniques robustes au Cameroun\" \/>\n<meta name=\"robots\" content=\"index, follow, max-snippet:-1, max-image-preview:large, max-video-preview:-1\" \/>\n<link rel=\"canonical\" href=\"https:\/\/www.kanzasarl.com\/en\/qualite-et-securite\/\" \/>\n<meta property=\"og:locale\" content=\"en_GB\" \/>\n<meta property=\"og:type\" content=\"article\" \/>\n<meta property=\"og:title\" content=\"Qualit\u00e9 et s\u00e9curit\u00e9 - KANZA SARL\" \/>\n<meta property=\"og:description\" content=\"qualit\u00e9 et s\u00e9curit\u00e9 de haut niveau. Interventions ma\u00eetris\u00e9es, maintenance fiable et solutions techniques robustes au Cameroun\" \/>\n<meta property=\"og:url\" content=\"https:\/\/www.kanzasarl.com\/en\/qualite-et-securite\/\" \/>\n<meta property=\"og:site_name\" content=\"KANZA SARL\" \/>\n<meta property=\"article:publisher\" content=\"https:\/\/web.facebook.com\/CameroonEnergy\" \/>\n<meta property=\"article:modified_time\" content=\"2025-09-08T11:57:38+00:00\" \/>\n<meta property=\"og:image\" content=\"https:\/\/www.kanzasarl.com\/wp-content\/uploads\/2024\/09\/equipement-de-protection.jpg\" \/>\n\t<meta property=\"og:image:width\" content=\"1500\" \/>\n\t<meta property=\"og:image:height\" content=\"1071\" \/>\n\t<meta property=\"og:image:type\" content=\"image\/jpeg\" \/>\n<meta name=\"twitter:card\" content=\"summary_large_image\" \/>\n<meta name=\"twitter:label1\" content=\"Estimated reading time\" \/>\n\t<meta name=\"twitter:data1\" content=\"3 minutes\" \/>\n<script type=\"application\/ld+json\" class=\"yoast-schema-graph\">{\"@context\":\"https:\\\/\\\/schema.org\",\"@graph\":[{\"@type\":\"WebPage\",\"@id\":\"https:\\\/\\\/www.kanzasarl.com\\\/qualite-et-securite\\\/\",\"url\":\"https:\\\/\\\/www.kanzasarl.com\\\/qualite-et-securite\\\/\",\"name\":\"Qualit\u00e9 et s\u00e9curit\u00e9 - KANZA SARL\",\"isPartOf\":{\"@id\":\"https:\\\/\\\/www.kanzasarl.com\\\/#website\"},\"primaryImageOfPage\":{\"@id\":\"https:\\\/\\\/www.kanzasarl.com\\\/qualite-et-securite\\\/#primaryimage\"},\"image\":{\"@id\":\"https:\\\/\\\/www.kanzasarl.com\\\/qualite-et-securite\\\/#primaryimage\"},\"thumbnailUrl\":\"https:\\\/\\\/www.kanzasarl.com\\\/wp-content\\\/uploads\\\/2024\\\/09\\\/equipement-de-protection.jpg\",\"datePublished\":\"2018-06-07T17:57:41+00:00\",\"dateModified\":\"2025-09-08T11:57:38+00:00\",\"description\":\"qualit\u00e9 et s\u00e9curit\u00e9 de haut niveau. Interventions ma\u00eetris\u00e9es, maintenance fiable et solutions techniques robustes au Cameroun\",\"breadcrumb\":{\"@id\":\"https:\\\/\\\/www.kanzasarl.com\\\/qualite-et-securite\\\/#breadcrumb\"},\"inLanguage\":\"en-GB\",\"potentialAction\":[{\"@type\":\"ReadAction\",\"target\":[\"https:\\\/\\\/www.kanzasarl.com\\\/qualite-et-securite\\\/\"]}]},{\"@type\":\"ImageObject\",\"inLanguage\":\"en-GB\",\"@id\":\"https:\\\/\\\/www.kanzasarl.com\\\/qualite-et-securite\\\/#primaryimage\",\"url\":\"https:\\\/\\\/www.kanzasarl.com\\\/wp-content\\\/uploads\\\/2024\\\/09\\\/equipement-de-protection.jpg\",\"contentUrl\":\"https:\\\/\\\/www.kanzasarl.com\\\/wp-content\\\/uploads\\\/2024\\\/09\\\/equipement-de-protection.jpg\",\"width\":1500,\"height\":1071,\"caption\":\"qualite-et-securite\"},{\"@type\":\"BreadcrumbList\",\"@id\":\"https:\\\/\\\/www.kanzasarl.com\\\/qualite-et-securite\\\/#breadcrumb\",\"itemListElement\":[{\"@type\":\"ListItem\",\"position\":1,\"name\":\"Home\",\"item\":\"https:\\\/\\\/www.kanzasarl.com\\\/\"},{\"@type\":\"ListItem\",\"position\":2,\"name\":\"Qualit\u00e9 et s\u00e9curit\u00e9\"}]},{\"@type\":\"WebSite\",\"@id\":\"https:\\\/\\\/www.kanzasarl.com\\\/#website\",\"url\":\"https:\\\/\\\/www.kanzasarl.com\\\/\",\"name\":\"KANZA SARL\",\"description\":\"\",\"publisher\":{\"@id\":\"https:\\\/\\\/www.kanzasarl.com\\\/#organization\"},\"potentialAction\":[{\"@type\":\"SearchAction\",\"target\":{\"@type\":\"EntryPoint\",\"urlTemplate\":\"https:\\\/\\\/www.kanzasarl.com\\\/?s={search_term_string}\"},\"query-input\":{\"@type\":\"PropertyValueSpecification\",\"valueRequired\":true,\"valueName\":\"search_term_string\"}}],\"inLanguage\":\"en-GB\"},{\"@type\":\"Organization\",\"@id\":\"https:\\\/\\\/www.kanzasarl.com\\\/#organization\",\"name\":\"KANZA SARL\",\"url\":\"https:\\\/\\\/www.kanzasarl.com\\\/\",\"logo\":{\"@type\":\"ImageObject\",\"inLanguage\":\"en-GB\",\"@id\":\"https:\\\/\\\/www.kanzasarl.com\\\/#\\\/schema\\\/logo\\\/image\\\/\",\"url\":\"https:\\\/\\\/www.kanzasarl.com\\\/wp-content\\\/uploads\\\/2025\\\/08\\\/logo.png\",\"contentUrl\":\"https:\\\/\\\/www.kanzasarl.com\\\/wp-content\\\/uploads\\\/2025\\\/08\\\/logo.png\",\"width\":646,\"height\":250,\"caption\":\"KANZA SARL\"},\"image\":{\"@id\":\"https:\\\/\\\/www.kanzasarl.com\\\/#\\\/schema\\\/logo\\\/image\\\/\"},\"sameAs\":[\"https:\\\/\\\/web.facebook.com\\\/CameroonEnergy\",\"https:\\\/\\\/www.instagram.com\\\/kanzasarl\\\/#\"]}]}<\/script>\n<!-- \/ Yoast SEO plugin. -->","yoast_head_json":{"title":"Qualit\u00e9 et s\u00e9curit\u00e9 - KANZA SARL","description":"qualit\u00e9 et s\u00e9curit\u00e9 de haut niveau. Interventions ma\u00eetris\u00e9es, maintenance fiable et solutions techniques robustes au Cameroun","robots":{"index":"index","follow":"follow","max-snippet":"max-snippet:-1","max-image-preview":"max-image-preview:large","max-video-preview":"max-video-preview:-1"},"canonical":"https:\/\/www.kanzasarl.com\/en\/qualite-et-securite\/","og_locale":"en_GB","og_type":"article","og_title":"Qualit\u00e9 et s\u00e9curit\u00e9 - KANZA SARL","og_description":"qualit\u00e9 et s\u00e9curit\u00e9 de haut niveau. Interventions ma\u00eetris\u00e9es, maintenance fiable et solutions techniques robustes au Cameroun","og_url":"https:\/\/www.kanzasarl.com\/en\/qualite-et-securite\/","og_site_name":"KANZA SARL","article_publisher":"https:\/\/web.facebook.com\/CameroonEnergy","article_modified_time":"2025-09-08T11:57:38+00:00","og_image":[{"width":1500,"height":1071,"url":"https:\/\/www.kanzasarl.com\/wp-content\/uploads\/2024\/09\/equipement-de-protection.jpg","type":"image\/jpeg"}],"twitter_card":"summary_large_image","twitter_misc":{"Estimated reading time":"3 minutes"},"schema":{"@context":"https:\/\/schema.org","@graph":[{"@type":"WebPage","@id":"https:\/\/www.kanzasarl.com\/qualite-et-securite\/","url":"https:\/\/www.kanzasarl.com\/qualite-et-securite\/","name":"Qualit\u00e9 et s\u00e9curit\u00e9 - KANZA SARL","isPartOf":{"@id":"https:\/\/www.kanzasarl.com\/#website"},"primaryImageOfPage":{"@id":"https:\/\/www.kanzasarl.com\/qualite-et-securite\/#primaryimage"},"image":{"@id":"https:\/\/www.kanzasarl.com\/qualite-et-securite\/#primaryimage"},"thumbnailUrl":"https:\/\/www.kanzasarl.com\/wp-content\/uploads\/2024\/09\/equipement-de-protection.jpg","datePublished":"2018-06-07T17:57:41+00:00","dateModified":"2025-09-08T11:57:38+00:00","description":"qualit\u00e9 et s\u00e9curit\u00e9 de haut niveau. Interventions ma\u00eetris\u00e9es, maintenance fiable et solutions techniques robustes au Cameroun","breadcrumb":{"@id":"https:\/\/www.kanzasarl.com\/qualite-et-securite\/#breadcrumb"},"inLanguage":"en-GB","potentialAction":[{"@type":"ReadAction","target":["https:\/\/www.kanzasarl.com\/qualite-et-securite\/"]}]},{"@type":"ImageObject","inLanguage":"en-GB","@id":"https:\/\/www.kanzasarl.com\/qualite-et-securite\/#primaryimage","url":"https:\/\/www.kanzasarl.com\/wp-content\/uploads\/2024\/09\/equipement-de-protection.jpg","contentUrl":"https:\/\/www.kanzasarl.com\/wp-content\/uploads\/2024\/09\/equipement-de-protection.jpg","width":1500,"height":1071,"caption":"qualite-et-securite"},{"@type":"BreadcrumbList","@id":"https:\/\/www.kanzasarl.com\/qualite-et-securite\/#breadcrumb","itemListElement":[{"@type":"ListItem","position":1,"name":"Home","item":"https:\/\/www.kanzasarl.com\/"},{"@type":"ListItem","position":2,"name":"Qualit\u00e9 et s\u00e9curit\u00e9"}]},{"@type":"WebSite","@id":"https:\/\/www.kanzasarl.com\/#website","url":"https:\/\/www.kanzasarl.com\/","name":"KANZA SARL","description":"","publisher":{"@id":"https:\/\/www.kanzasarl.com\/#organization"},"potentialAction":[{"@type":"SearchAction","target":{"@type":"EntryPoint","urlTemplate":"https:\/\/www.kanzasarl.com\/?s={search_term_string}"},"query-input":{"@type":"PropertyValueSpecification","valueRequired":true,"valueName":"search_term_string"}}],"inLanguage":"en-GB"},{"@type":"Organization","@id":"https:\/\/www.kanzasarl.com\/#organization","name":"KANZA SARL","url":"https:\/\/www.kanzasarl.com\/","logo":{"@type":"ImageObject","inLanguage":"en-GB","@id":"https:\/\/www.kanzasarl.com\/#\/schema\/logo\/image\/","url":"https:\/\/www.kanzasarl.com\/wp-content\/uploads\/2025\/08\/logo.png","contentUrl":"https:\/\/www.kanzasarl.com\/wp-content\/uploads\/2025\/08\/logo.png","width":646,"height":250,"caption":"KANZA SARL"},"image":{"@id":"https:\/\/www.kanzasarl.com\/#\/schema\/logo\/image\/"},"sameAs":["https:\/\/web.facebook.com\/CameroonEnergy","https:\/\/www.instagram.com\/kanzasarl\/#"]}]}},"_links":{"self":[{"href":"https:\/\/www.kanzasarl.com\/en\/wp-json\/wp\/v2\/pages\/702","targetHints":{"allow":["GET"]}}],"collection":[{"href":"https:\/\/www.kanzasarl.com\/en\/wp-json\/wp\/v2\/pages"}],"about":[{"href":"https:\/\/www.kanzasarl.com\/en\/wp-json\/wp\/v2\/types\/page"}],"author":[{"embeddable":true,"href":"https:\/\/www.kanzasarl.com\/en\/wp-json\/wp\/v2\/users\/1"}],"replies":[{"embeddable":true,"href":"https:\/\/www.kanzasarl.com\/en\/wp-json\/wp\/v2\/comments?post=702"}],"version-history":[{"count":6,"href":"https:\/\/www.kanzasarl.com\/en\/wp-json\/wp\/v2\/pages\/702\/revisions"}],"predecessor-version":[{"id":1064,"href":"https:\/\/www.kanzasarl.com\/en\/wp-json\/wp\/v2\/pages\/702\/revisions\/1064"}],"wp:featuredmedia":[{"embeddable":true,"href":"https:\/\/www.kanzasarl.com\/en\/wp-json\/wp\/v2\/media\/867"}],"wp:attachment":[{"href":"https:\/\/www.kanzasarl.com\/en\/wp-json\/wp\/v2\/media?parent=702"}],"curies":[{"name":"wp","href":"https:\/\/api.w.org\/{rel}","templated":true}]}}