{"id":706,"date":"2018-06-07T18:07:10","date_gmt":"2018-06-07T18:07:10","guid":{"rendered":"http:\/\/www.kanzasarl.com\/?page_id=706"},"modified":"2025-08-26T14:49:59","modified_gmt":"2025-08-26T14:49:59","slug":"reseau-electrique","status":"publish","type":"page","link":"https:\/\/www.kanzasarl.com\/en\/nos-services\/reseau-electrique\/","title":{"rendered":"Electrical network"},"content":{"rendered":"<div class=\"wp-block-group alignwide has-global-padding is-layout-constrained wp-block-group-is-layout-constrained\">\n<p>En tant qu&rsquo;entreprise bas\u00e9e sur la connaissance, KANZA sarl n&rsquo;est pas comme la plupart des entrepreneurs en \u00e9lectricit\u00e9, r\u00e9seau \u00e9lectrique. Nous offrons des services \u00e9lectriques int\u00e9gr\u00e9s, travaillant sans rel\u00e2che pour renforcer et perfectionner notre expertise dans divers domaines li\u00e9s \u00e0 l&rsquo;\u00e9nergie.<\/p>\n\n\n\n<p>Few electrical contractors match our diverse electrical capabilities and resources to successfully handle complex electrical projects.<\/p>\n\n\n\n<p>Here is a list of our electrical energy services.<\/p>\n<\/div>\n\n\n\n<div class=\"wp-block-group alignwide has-global-padding is-layout-constrained wp-block-group-is-layout-constrained\">\n<div class=\"wp-block-media-text alignwide is-stacked-on-mobile is-image-fill-element transitable transitable-vers-gauche\" style=\"margin-top:var(--wp--preset--spacing--40);grid-template-columns:40% auto\"><figure class=\"wp-block-media-text__media\"><img loading=\"lazy\" decoding=\"async\" width=\"1024\" height=\"768\" src=\"https:\/\/www.kanzasarl.com\/wp-content\/uploads\/2018\/02\/10546981_1493753277508830_2519411123070900795_o-1024x768.jpg\" alt=\"construction d'un r\u00e9seau \u00e9lectrique\" class=\"wp-image-204 size-large\" style=\"object-position:39% 7%\" srcset=\"https:\/\/www.kanzasarl.com\/wp-content\/uploads\/2018\/02\/10546981_1493753277508830_2519411123070900795_o-1024x768.jpg 1024w, https:\/\/www.kanzasarl.com\/wp-content\/uploads\/2018\/02\/10546981_1493753277508830_2519411123070900795_o-300x225.jpg 300w, https:\/\/www.kanzasarl.com\/wp-content\/uploads\/2018\/02\/10546981_1493753277508830_2519411123070900795_o-768x576.jpg 768w, https:\/\/www.kanzasarl.com\/wp-content\/uploads\/2018\/02\/10546981_1493753277508830_2519411123070900795_o-1536x1152.jpg 1536w, https:\/\/www.kanzasarl.com\/wp-content\/uploads\/2018\/02\/10546981_1493753277508830_2519411123070900795_o-16x12.jpg 16w, https:\/\/www.kanzasarl.com\/wp-content\/uploads\/2018\/02\/10546981_1493753277508830_2519411123070900795_o.jpg 2048w\" sizes=\"auto, (max-width: 1024px) 100vw, 1024px\" \/><\/figure><div class=\"wp-block-media-text__content\">\n<h3 class=\"wp-block-heading has-accent-3-color has-text-color has-link-color wp-elements-3ffc0a4ead7651b17c08071a0b3aad95\">Construction and maintenance of HT\/BT electrical networks<\/h3>\n\n\n\n<p>We build and maintain high, medium and low voltage lines, in rural and urban areas.<\/p>\n<\/div><\/div>\n\n\n\n<div class=\"wp-block-media-text alignwide has-media-on-the-right is-stacked-on-mobile is-image-fill-element transitable transitable-vers-droite\" style=\"margin-top:var(--wp--preset--spacing--30);padding-right:0;padding-left:0;grid-template-columns:auto 40%\"><div class=\"wp-block-media-text__content\">\n<h3 class=\"wp-block-heading has-accent-3-color has-text-color has-link-color wp-elements-cde0a1464a9c9a1cd71c4078ee8335a4\">Construction and equipment of HT \/ BT substation<\/h3>\n\n\n\n<p>For decades now, we have specialized in the construction and maintenance of cabin positions.<\/p>\n<\/div><figure class=\"wp-block-media-text__media\"><img loading=\"lazy\" decoding=\"async\" width=\"1024\" height=\"768\" src=\"https:\/\/www.kanzasarl.com\/wp-content\/uploads\/2018\/03\/7-1024x768.jpg\" alt=\"installation d' un poste \" class=\"wp-image-236 size-large\" style=\"object-position:50% 50%\" srcset=\"https:\/\/www.kanzasarl.com\/wp-content\/uploads\/2018\/03\/7-1024x768.jpg 1024w, https:\/\/www.kanzasarl.com\/wp-content\/uploads\/2018\/03\/7-300x225.jpg 300w, https:\/\/www.kanzasarl.com\/wp-content\/uploads\/2018\/03\/7-768x576.jpg 768w, https:\/\/www.kanzasarl.com\/wp-content\/uploads\/2018\/03\/7.jpg 1080w\" sizes=\"auto, (max-width: 1024px) 100vw, 1024px\" \/><\/figure><\/div>\n\n\n\n<div class=\"wp-block-media-text alignwide is-stacked-on-mobile is-image-fill-element transitable transitable-vers-gauche\" style=\"margin-top:var(--wp--preset--spacing--30);padding-right:0;padding-left:0;grid-template-columns:40% auto\"><figure class=\"wp-block-media-text__media\"><img loading=\"lazy\" decoding=\"async\" width=\"576\" height=\"1024\" src=\"https:\/\/www.kanzasarl.com\/wp-content\/uploads\/2017\/10\/22851278_10159446195045321_602786881_o-576x1024.jpg\" alt=\"installations \u00e9lectriques\" class=\"wp-image-162 size-large\" style=\"object-position:50% 50%\" srcset=\"https:\/\/www.kanzasarl.com\/wp-content\/uploads\/2017\/10\/22851278_10159446195045321_602786881_o-576x1024.jpg 576w, https:\/\/www.kanzasarl.com\/wp-content\/uploads\/2017\/10\/22851278_10159446195045321_602786881_o-169x300.jpg 169w, https:\/\/www.kanzasarl.com\/wp-content\/uploads\/2017\/10\/22851278_10159446195045321_602786881_o-7x12.jpg 7w, https:\/\/www.kanzasarl.com\/wp-content\/uploads\/2017\/10\/22851278_10159446195045321_602786881_o.jpg 607w\" sizes=\"auto, (max-width: 576px) 100vw, 576px\" \/><\/figure><div class=\"wp-block-media-text__content\">\n<h3 class=\"wp-block-heading has-accent-3-color has-text-color has-link-color wp-elements-09860245d77caa85d1fc1efd1b9c0aa7\">Tertiary electricity<\/h3>\n\n\n\n<p>Construction and preventive maintenance of electrical installations and power increase for your homes, buildings or companies.<\/p>\n<\/div><\/div>\n\n\n\n<div class=\"wp-block-media-text alignwide has-media-on-the-right is-stacked-on-mobile is-image-fill-element transitable transitable-vers-droite\" style=\"margin-top:var(--wp--preset--spacing--30);padding-right:0;padding-left:0;grid-template-columns:auto 40%\"><div class=\"wp-block-media-text__content\">\n<h3 class=\"wp-block-heading has-accent-3-color has-text-color has-link-color wp-elements-230780708819958f8aa75ca80c8aaa78\">Public ligthning<\/h3>\n\n\n\n<p>Urban and road lighting, sports lighting, public lighting in municipalities, lighting in tunnels, car parks, commercial areas, residential areas, etc.<\/p>\n<\/div><figure class=\"wp-block-media-text__media\"><img loading=\"lazy\" decoding=\"async\" width=\"1024\" height=\"667\" src=\"https:\/\/www.kanzasarl.com\/wp-content\/uploads\/2018\/03\/15-1024x667.jpg\" alt=\"\u00e9clairage public\" class=\"wp-image-228 size-large\" style=\"object-position:50% 50%\" srcset=\"https:\/\/www.kanzasarl.com\/wp-content\/uploads\/2018\/03\/15-1024x667.jpg 1024w, https:\/\/www.kanzasarl.com\/wp-content\/uploads\/2018\/03\/15-300x196.jpg 300w, https:\/\/www.kanzasarl.com\/wp-content\/uploads\/2018\/03\/15-768x501.jpg 768w, https:\/\/www.kanzasarl.com\/wp-content\/uploads\/2018\/03\/15-1536x1001.jpg 1536w, https:\/\/www.kanzasarl.com\/wp-content\/uploads\/2018\/03\/15-2048x1335.jpg 2048w, https:\/\/www.kanzasarl.com\/wp-content\/uploads\/2018\/03\/15-18x12.jpg 18w\" sizes=\"auto, (max-width: 1024px) 100vw, 1024px\" \/><\/figure><\/div>\n<\/div>","protected":false},"excerpt":{"rendered":"<p>En tant qu&rsquo;entreprise bas\u00e9e sur la connaissance, KANZA sarl n&rsquo;est pas comme la plupart des entrepreneurs en \u00e9lectricit\u00e9, r\u00e9seau \u00e9lectrique. Nous offrons des services \u00e9lectriques int\u00e9gr\u00e9s, travaillant sans rel\u00e2che pour renforcer et perfectionner notre expertise dans divers domaines li\u00e9s \u00e0 l&rsquo;\u00e9nergie. Peu d&rsquo;entrepreneurs en \u00e9lectricit\u00e9 correspondent \u00e0 nos diverses capacit\u00e9s et ressources \u00e9lectriques pour g\u00e9rer [&hellip;]<\/p>","protected":false},"author":1,"featured_media":240,"parent":704,"menu_order":0,"comment_status":"closed","ping_status":"closed","template":"subpage-services","meta":{"footnotes":""},"class_list":["post-706","page","type-page","status-publish","has-post-thumbnail","hentry"],"yoast_head":"<!-- This site is optimized with the Yoast SEO plugin v27.5 - https:\/\/yoast.com\/product\/yoast-seo-wordpress\/ -->\n<title>R\u00e9seau \u00e9lectrique - KANZA SARL<\/title>\n<meta name=\"description\" content=\"Kanza SARL propose des solutions compl\u00e8tes en r\u00e9seau \u00e9lectrique industriel : installation, maintenance et optimisation au Cameroun.&quot;\" \/>\n<meta name=\"robots\" content=\"index, follow, max-snippet:-1, max-image-preview:large, max-video-preview:-1\" \/>\n<link rel=\"canonical\" href=\"https:\/\/www.kanzasarl.com\/en\/nos-services\/reseau-electrique\/\" \/>\n<meta property=\"og:locale\" content=\"en_GB\" \/>\n<meta property=\"og:type\" content=\"article\" \/>\n<meta property=\"og:title\" content=\"R\u00e9seau \u00e9lectrique - KANZA SARL\" \/>\n<meta property=\"og:description\" content=\"Kanza SARL propose des solutions compl\u00e8tes en r\u00e9seau \u00e9lectrique industriel : installation, maintenance et optimisation au Cameroun.&quot;\" \/>\n<meta property=\"og:url\" content=\"https:\/\/www.kanzasarl.com\/en\/nos-services\/reseau-electrique\/\" \/>\n<meta property=\"og:site_name\" content=\"KANZA SARL\" \/>\n<meta property=\"article:publisher\" content=\"https:\/\/web.facebook.com\/CameroonEnergy\" \/>\n<meta property=\"article:modified_time\" content=\"2025-08-26T14:49:59+00:00\" \/>\n<meta property=\"og:image\" content=\"https:\/\/www.kanzasarl.com\/wp-content\/uploads\/2018\/03\/3.jpg\" \/>\n\t<meta property=\"og:image:width\" content=\"1080\" \/>\n\t<meta property=\"og:image:height\" content=\"607\" \/>\n\t<meta property=\"og:image:type\" content=\"image\/jpeg\" \/>\n<meta name=\"twitter:card\" content=\"summary_large_image\" \/>\n<meta name=\"twitter:label1\" content=\"Estimated reading time\" \/>\n\t<meta name=\"twitter:data1\" content=\"2 minutes\" \/>\n<script type=\"application\/ld+json\" class=\"yoast-schema-graph\">{\"@context\":\"https:\\\/\\\/schema.org\",\"@graph\":[{\"@type\":\"WebPage\",\"@id\":\"https:\\\/\\\/www.kanzasarl.com\\\/nos-services\\\/reseau-electrique\\\/\",\"url\":\"https:\\\/\\\/www.kanzasarl.com\\\/nos-services\\\/reseau-electrique\\\/\",\"name\":\"R\u00e9seau \u00e9lectrique - KANZA SARL\",\"isPartOf\":{\"@id\":\"https:\\\/\\\/www.kanzasarl.com\\\/#website\"},\"primaryImageOfPage\":{\"@id\":\"https:\\\/\\\/www.kanzasarl.com\\\/nos-services\\\/reseau-electrique\\\/#primaryimage\"},\"image\":{\"@id\":\"https:\\\/\\\/www.kanzasarl.com\\\/nos-services\\\/reseau-electrique\\\/#primaryimage\"},\"thumbnailUrl\":\"https:\\\/\\\/www.kanzasarl.com\\\/wp-content\\\/uploads\\\/2018\\\/03\\\/3.jpg\",\"datePublished\":\"2018-06-07T18:07:10+00:00\",\"dateModified\":\"2025-08-26T14:49:59+00:00\",\"description\":\"Kanza SARL propose des solutions compl\u00e8tes en r\u00e9seau \u00e9lectrique industriel : installation, maintenance et optimisation au Cameroun.\\\"\",\"breadcrumb\":{\"@id\":\"https:\\\/\\\/www.kanzasarl.com\\\/nos-services\\\/reseau-electrique\\\/#breadcrumb\"},\"inLanguage\":\"en-GB\",\"potentialAction\":[{\"@type\":\"ReadAction\",\"target\":[\"https:\\\/\\\/www.kanzasarl.com\\\/nos-services\\\/reseau-electrique\\\/\"]}]},{\"@type\":\"ImageObject\",\"inLanguage\":\"en-GB\",\"@id\":\"https:\\\/\\\/www.kanzasarl.com\\\/nos-services\\\/reseau-electrique\\\/#primaryimage\",\"url\":\"https:\\\/\\\/www.kanzasarl.com\\\/wp-content\\\/uploads\\\/2018\\\/03\\\/3.jpg\",\"contentUrl\":\"https:\\\/\\\/www.kanzasarl.com\\\/wp-content\\\/uploads\\\/2018\\\/03\\\/3.jpg\",\"width\":1080,\"height\":607,\"caption\":\"R\u00e9seau a\u00e9rien\"},{\"@type\":\"BreadcrumbList\",\"@id\":\"https:\\\/\\\/www.kanzasarl.com\\\/nos-services\\\/reseau-electrique\\\/#breadcrumb\",\"itemListElement\":[{\"@type\":\"ListItem\",\"position\":1,\"name\":\"Home\",\"item\":\"https:\\\/\\\/www.kanzasarl.com\\\/\"},{\"@type\":\"ListItem\",\"position\":2,\"name\":\"Services\",\"item\":\"https:\\\/\\\/www.kanzasarl.com\\\/nos-services\\\/\"},{\"@type\":\"ListItem\",\"position\":3,\"name\":\"R\u00e9seau \u00e9lectrique\"}]},{\"@type\":\"WebSite\",\"@id\":\"https:\\\/\\\/www.kanzasarl.com\\\/#website\",\"url\":\"https:\\\/\\\/www.kanzasarl.com\\\/\",\"name\":\"KANZA SARL\",\"description\":\"\",\"publisher\":{\"@id\":\"https:\\\/\\\/www.kanzasarl.com\\\/#organization\"},\"potentialAction\":[{\"@type\":\"SearchAction\",\"target\":{\"@type\":\"EntryPoint\",\"urlTemplate\":\"https:\\\/\\\/www.kanzasarl.com\\\/?s={search_term_string}\"},\"query-input\":{\"@type\":\"PropertyValueSpecification\",\"valueRequired\":true,\"valueName\":\"search_term_string\"}}],\"inLanguage\":\"en-GB\"},{\"@type\":\"Organization\",\"@id\":\"https:\\\/\\\/www.kanzasarl.com\\\/#organization\",\"name\":\"KANZA SARL\",\"url\":\"https:\\\/\\\/www.kanzasarl.com\\\/\",\"logo\":{\"@type\":\"ImageObject\",\"inLanguage\":\"en-GB\",\"@id\":\"https:\\\/\\\/www.kanzasarl.com\\\/#\\\/schema\\\/logo\\\/image\\\/\",\"url\":\"https:\\\/\\\/www.kanzasarl.com\\\/wp-content\\\/uploads\\\/2025\\\/08\\\/logo.png\",\"contentUrl\":\"https:\\\/\\\/www.kanzasarl.com\\\/wp-content\\\/uploads\\\/2025\\\/08\\\/logo.png\",\"width\":646,\"height\":250,\"caption\":\"KANZA SARL\"},\"image\":{\"@id\":\"https:\\\/\\\/www.kanzasarl.com\\\/#\\\/schema\\\/logo\\\/image\\\/\"},\"sameAs\":[\"https:\\\/\\\/web.facebook.com\\\/CameroonEnergy\",\"https:\\\/\\\/www.instagram.com\\\/kanzasarl\\\/#\"]}]}<\/script>\n<!-- \/ Yoast SEO plugin. -->","yoast_head_json":{"title":"R\u00e9seau \u00e9lectrique - KANZA SARL","description":"Kanza SARL propose des solutions compl\u00e8tes en r\u00e9seau \u00e9lectrique industriel : installation, maintenance et optimisation au Cameroun.\"","robots":{"index":"index","follow":"follow","max-snippet":"max-snippet:-1","max-image-preview":"max-image-preview:large","max-video-preview":"max-video-preview:-1"},"canonical":"https:\/\/www.kanzasarl.com\/en\/nos-services\/reseau-electrique\/","og_locale":"en_GB","og_type":"article","og_title":"R\u00e9seau \u00e9lectrique - KANZA SARL","og_description":"Kanza SARL propose des solutions compl\u00e8tes en r\u00e9seau \u00e9lectrique industriel : installation, maintenance et optimisation au Cameroun.\"","og_url":"https:\/\/www.kanzasarl.com\/en\/nos-services\/reseau-electrique\/","og_site_name":"KANZA SARL","article_publisher":"https:\/\/web.facebook.com\/CameroonEnergy","article_modified_time":"2025-08-26T14:49:59+00:00","og_image":[{"width":1080,"height":607,"url":"https:\/\/www.kanzasarl.com\/wp-content\/uploads\/2018\/03\/3.jpg","type":"image\/jpeg"}],"twitter_card":"summary_large_image","twitter_misc":{"Estimated reading time":"2 minutes"},"schema":{"@context":"https:\/\/schema.org","@graph":[{"@type":"WebPage","@id":"https:\/\/www.kanzasarl.com\/nos-services\/reseau-electrique\/","url":"https:\/\/www.kanzasarl.com\/nos-services\/reseau-electrique\/","name":"R\u00e9seau \u00e9lectrique - KANZA SARL","isPartOf":{"@id":"https:\/\/www.kanzasarl.com\/#website"},"primaryImageOfPage":{"@id":"https:\/\/www.kanzasarl.com\/nos-services\/reseau-electrique\/#primaryimage"},"image":{"@id":"https:\/\/www.kanzasarl.com\/nos-services\/reseau-electrique\/#primaryimage"},"thumbnailUrl":"https:\/\/www.kanzasarl.com\/wp-content\/uploads\/2018\/03\/3.jpg","datePublished":"2018-06-07T18:07:10+00:00","dateModified":"2025-08-26T14:49:59+00:00","description":"Kanza SARL propose des solutions compl\u00e8tes en r\u00e9seau \u00e9lectrique industriel : installation, maintenance et optimisation au Cameroun.\"","breadcrumb":{"@id":"https:\/\/www.kanzasarl.com\/nos-services\/reseau-electrique\/#breadcrumb"},"inLanguage":"en-GB","potentialAction":[{"@type":"ReadAction","target":["https:\/\/www.kanzasarl.com\/nos-services\/reseau-electrique\/"]}]},{"@type":"ImageObject","inLanguage":"en-GB","@id":"https:\/\/www.kanzasarl.com\/nos-services\/reseau-electrique\/#primaryimage","url":"https:\/\/www.kanzasarl.com\/wp-content\/uploads\/2018\/03\/3.jpg","contentUrl":"https:\/\/www.kanzasarl.com\/wp-content\/uploads\/2018\/03\/3.jpg","width":1080,"height":607,"caption":"R\u00e9seau a\u00e9rien"},{"@type":"BreadcrumbList","@id":"https:\/\/www.kanzasarl.com\/nos-services\/reseau-electrique\/#breadcrumb","itemListElement":[{"@type":"ListItem","position":1,"name":"Home","item":"https:\/\/www.kanzasarl.com\/"},{"@type":"ListItem","position":2,"name":"Services","item":"https:\/\/www.kanzasarl.com\/nos-services\/"},{"@type":"ListItem","position":3,"name":"R\u00e9seau \u00e9lectrique"}]},{"@type":"WebSite","@id":"https:\/\/www.kanzasarl.com\/#website","url":"https:\/\/www.kanzasarl.com\/","name":"KANZA SARL","description":"","publisher":{"@id":"https:\/\/www.kanzasarl.com\/#organization"},"potentialAction":[{"@type":"SearchAction","target":{"@type":"EntryPoint","urlTemplate":"https:\/\/www.kanzasarl.com\/?s={search_term_string}"},"query-input":{"@type":"PropertyValueSpecification","valueRequired":true,"valueName":"search_term_string"}}],"inLanguage":"en-GB"},{"@type":"Organization","@id":"https:\/\/www.kanzasarl.com\/#organization","name":"KANZA SARL","url":"https:\/\/www.kanzasarl.com\/","logo":{"@type":"ImageObject","inLanguage":"en-GB","@id":"https:\/\/www.kanzasarl.com\/#\/schema\/logo\/image\/","url":"https:\/\/www.kanzasarl.com\/wp-content\/uploads\/2025\/08\/logo.png","contentUrl":"https:\/\/www.kanzasarl.com\/wp-content\/uploads\/2025\/08\/logo.png","width":646,"height":250,"caption":"KANZA SARL"},"image":{"@id":"https:\/\/www.kanzasarl.com\/#\/schema\/logo\/image\/"},"sameAs":["https:\/\/web.facebook.com\/CameroonEnergy","https:\/\/www.instagram.com\/kanzasarl\/#"]}]}},"_links":{"self":[{"href":"https:\/\/www.kanzasarl.com\/en\/wp-json\/wp\/v2\/pages\/706","targetHints":{"allow":["GET"]}}],"collection":[{"href":"https:\/\/www.kanzasarl.com\/en\/wp-json\/wp\/v2\/pages"}],"about":[{"href":"https:\/\/www.kanzasarl.com\/en\/wp-json\/wp\/v2\/types\/page"}],"author":[{"embeddable":true,"href":"https:\/\/www.kanzasarl.com\/en\/wp-json\/wp\/v2\/users\/1"}],"replies":[{"embeddable":true,"href":"https:\/\/www.kanzasarl.com\/en\/wp-json\/wp\/v2\/comments?post=706"}],"version-history":[{"count":19,"href":"https:\/\/www.kanzasarl.com\/en\/wp-json\/wp\/v2\/pages\/706\/revisions"}],"predecessor-version":[{"id":1266,"href":"https:\/\/www.kanzasarl.com\/en\/wp-json\/wp\/v2\/pages\/706\/revisions\/1266"}],"up":[{"embeddable":true,"href":"https:\/\/www.kanzasarl.com\/en\/wp-json\/wp\/v2\/pages\/704"}],"wp:featuredmedia":[{"embeddable":true,"href":"https:\/\/www.kanzasarl.com\/en\/wp-json\/wp\/v2\/media\/240"}],"wp:attachment":[{"href":"https:\/\/www.kanzasarl.com\/en\/wp-json\/wp\/v2\/media?parent=706"}],"curies":[{"name":"wp","href":"https:\/\/api.w.org\/{rel}","templated":true}]}}