{"id":716,"date":"2018-06-07T19:41:44","date_gmt":"2018-06-07T19:41:44","guid":{"rendered":"http:\/\/www.kanzasarl.com\/?page_id=716"},"modified":"2025-08-26T14:44:12","modified_gmt":"2025-08-26T14:44:12","slug":"autres-services","status":"publish","type":"page","link":"https:\/\/www.kanzasarl.com\/en\/nos-services\/autres-services\/","title":{"rendered":"Other services"},"content":{"rendered":"<p>En cons\u00e9quence, peu d&rsquo;entrepreneurs en \u00e9lectricit\u00e9 sont aussi qualifi\u00e9s et offre d&rsquo;autres services que <a href=\"https:\/\/www.kanzasarl.com\/en\/\">KANZA sarl<\/a> pour fournir des solutions de haute qualit\u00e9, dans les d\u00e9lais et le budget pr\u00e9vus pour les industries les plus exigeantes.<\/p>\n\n\n\n<p>Afin de fournir les avantages de nos connaissances le plus efficacement, nous servons des clients industriels, commerciaux et institutionnels \u00e0 travers six groupes de travail con\u00e7us pour travailler de mani\u00e8re ind\u00e9pendante, ou mieux, de concert pour obtenir les meilleurs r\u00e9sultats possibles.<\/p>\n\n\n\n<div class=\"wp-block-group alignwide has-global-padding is-layout-constrained wp-block-group-is-layout-constrained\">\n<div class=\"wp-block-media-text alignwide is-stacked-on-mobile is-image-fill-element transitable transitable-vers-gauche\" style=\"margin-top:var(--wp--preset--spacing--40);grid-template-columns:40% auto\"><figure class=\"wp-block-media-text__media\"><img loading=\"lazy\" decoding=\"async\" width=\"1024\" height=\"484\" src=\"https:\/\/www.kanzasarl.com\/wp-content\/uploads\/2017\/10\/renewable-energy-1024x484.jpg\" alt=\"services de l' \u00c9nergies renouvelables\" class=\"wp-image-114 size-large\" style=\"object-position:50% 50%\" srcset=\"https:\/\/www.kanzasarl.com\/wp-content\/uploads\/2017\/10\/renewable-energy-1024x484.jpg 1024w, https:\/\/www.kanzasarl.com\/wp-content\/uploads\/2017\/10\/renewable-energy-300x142.jpg 300w, https:\/\/www.kanzasarl.com\/wp-content\/uploads\/2017\/10\/renewable-energy-768x363.jpg 768w, https:\/\/www.kanzasarl.com\/wp-content\/uploads\/2017\/10\/renewable-energy-18x9.jpg 18w, https:\/\/www.kanzasarl.com\/wp-content\/uploads\/2017\/10\/renewable-energy.jpg 1300w\" sizes=\"auto, (max-width: 1024px) 100vw, 1024px\" \/><\/figure><div class=\"wp-block-media-text__content\">\n<h3 class=\"wp-block-heading has-accent-3-color has-text-color has-link-color wp-elements-b7f712363c673d9faaceb2b6cc26125a\">Renewable energy<\/h3>\n\n\n\n<p><\/p>\n<\/div><\/div>\n\n\n\n<div class=\"wp-block-media-text alignwide has-media-on-the-right is-stacked-on-mobile is-image-fill-element transitable transitable-vers-droite\" style=\"padding-right:0;padding-left:0;grid-template-columns:auto 40%\"><div class=\"wp-block-media-text__content\">\n<h3 class=\"wp-block-heading has-accent-3-color has-text-color has-link-color wp-elements-750ccca9d69a1cf03245f49d962fc4c6\">Construction and Public Works<\/h3>\n\n\n\n<p><\/p>\n<\/div><figure class=\"wp-block-media-text__media\"><img loading=\"lazy\" decoding=\"async\" width=\"667\" height=\"1000\" src=\"https:\/\/www.kanzasarl.com\/wp-content\/uploads\/2024\/08\/travaux-publics.jpg\" alt=\"service Construction et Travaux Publics\" class=\"wp-image-811 size-large\" style=\"object-position:50% 50%\" srcset=\"https:\/\/www.kanzasarl.com\/wp-content\/uploads\/2024\/08\/travaux-publics.jpg 667w, https:\/\/www.kanzasarl.com\/wp-content\/uploads\/2024\/08\/travaux-publics-200x300.jpg 200w\" sizes=\"auto, (max-width: 667px) 100vw, 667px\" \/><\/figure><\/div>\n\n\n\n<div class=\"wp-block-media-text alignwide is-stacked-on-mobile is-image-fill-element transitable transitable-vers-gauche\" style=\"padding-right:0;padding-left:0;grid-template-columns:40% auto\"><figure class=\"wp-block-media-text__media\"><img loading=\"lazy\" decoding=\"async\" width=\"1000\" height=\"667\" src=\"https:\/\/www.kanzasarl.com\/wp-content\/uploads\/2024\/08\/chaudronnerie1.jpg\" alt=\"service Chaudronnerie\" class=\"wp-image-813 size-large\" style=\"object-position:50% 50%\" srcset=\"https:\/\/www.kanzasarl.com\/wp-content\/uploads\/2024\/08\/chaudronnerie1.jpg 1000w, https:\/\/www.kanzasarl.com\/wp-content\/uploads\/2024\/08\/chaudronnerie1-300x200.jpg 300w, https:\/\/www.kanzasarl.com\/wp-content\/uploads\/2024\/08\/chaudronnerie1-768x512.jpg 768w\" sizes=\"auto, (max-width: 1000px) 100vw, 1000px\" \/><\/figure><div class=\"wp-block-media-text__content\">\n<h3 class=\"wp-block-heading has-accent-3-color has-text-color has-link-color wp-elements-aa17fa07671d37e382efd86d13d9187e\">Boilermaking<\/h3>\n\n\n\n<p><\/p>\n<\/div><\/div>\n\n\n\n<div class=\"wp-block-media-text alignwide has-media-on-the-right is-stacked-on-mobile is-image-fill-element transitable transitable-vers-droite\" style=\"padding-right:0;padding-left:0;grid-template-columns:auto 40%\"><div class=\"wp-block-media-text__content\">\n<h3 class=\"wp-block-heading has-accent-3-color has-text-color has-link-color wp-elements-a9e41b197864ec3d59557a6b9ba7170d\">Surface coating<\/h3>\n\n\n\n<p><\/p>\n<\/div><figure class=\"wp-block-media-text__media\"><img loading=\"lazy\" decoding=\"async\" width=\"667\" height=\"1000\" src=\"https:\/\/www.kanzasarl.com\/wp-content\/uploads\/2024\/08\/revetement-de-surface.jpg\" alt=\"services Rev\u00eatement de surface\" class=\"wp-image-815 size-large\" style=\"object-position:50% 50%\" srcset=\"https:\/\/www.kanzasarl.com\/wp-content\/uploads\/2024\/08\/revetement-de-surface.jpg 667w, https:\/\/www.kanzasarl.com\/wp-content\/uploads\/2024\/08\/revetement-de-surface-200x300.jpg 200w\" sizes=\"auto, (max-width: 667px) 100vw, 667px\" \/><\/figure><\/div>\n\n\n\n<div class=\"wp-block-media-text alignwide is-stacked-on-mobile is-image-fill-element transitable transitable-vers-gauche\" style=\"padding-right:0;padding-left:0;grid-template-columns:40% auto\"><figure class=\"wp-block-media-text__media\"><img loading=\"lazy\" decoding=\"async\" width=\"1000\" height=\"714\" src=\"https:\/\/www.kanzasarl.com\/wp-content\/uploads\/2024\/09\/climatisation.jpg\" alt=\"services Climatisation\" class=\"wp-image-820 size-large\" style=\"object-position:50% 50%\" srcset=\"https:\/\/www.kanzasarl.com\/wp-content\/uploads\/2024\/09\/climatisation.jpg 1000w, https:\/\/www.kanzasarl.com\/wp-content\/uploads\/2024\/09\/climatisation-300x214.jpg 300w, https:\/\/www.kanzasarl.com\/wp-content\/uploads\/2024\/09\/climatisation-768x548.jpg 768w\" sizes=\"auto, (max-width: 1000px) 100vw, 1000px\" \/><\/figure><div class=\"wp-block-media-text__content\">\n<h3 class=\"wp-block-heading has-accent-3-color has-text-color has-link-color wp-elements-4686108c9d1b87d37f03ff88d7ee9ecf\">Air conditioning<\/h3>\n\n\n\n<p><\/p>\n<\/div><\/div>\n\n\n\n<div class=\"wp-block-media-text alignwide has-media-on-the-right is-stacked-on-mobile is-image-fill-element transitable transitable-vers-droite\" style=\"padding-right:0;padding-left:0;grid-template-columns:auto 40%\"><div class=\"wp-block-media-text__content\">\n<h3 class=\"wp-block-heading has-accent-3-color has-text-color has-link-color wp-elements-ffb76aa917e5b9a56a9ad40674ddf518\">IT<\/h3>\n\n\n\n<p><\/p>\n<\/div><figure class=\"wp-block-media-text__media\"><img loading=\"lazy\" decoding=\"async\" width=\"1000\" height=\"667\" src=\"https:\/\/www.kanzasarl.com\/wp-content\/uploads\/2024\/09\/informatique.jpg\" alt=\"services Informatique\" class=\"wp-image-822 size-large\" style=\"object-position:50% 50%\" srcset=\"https:\/\/www.kanzasarl.com\/wp-content\/uploads\/2024\/09\/informatique.jpg 1000w, https:\/\/www.kanzasarl.com\/wp-content\/uploads\/2024\/09\/informatique-300x200.jpg 300w, https:\/\/www.kanzasarl.com\/wp-content\/uploads\/2024\/09\/informatique-768x512.jpg 768w\" sizes=\"auto, (max-width: 1000px) 100vw, 1000px\" \/><\/figure><\/div>\n\n\n\n<div class=\"wp-block-media-text alignwide is-stacked-on-mobile is-image-fill-element transitable transitable-vers-gauche\" style=\"padding-right:0;padding-left:0;grid-template-columns:40% auto\"><figure class=\"wp-block-media-text__media\"><img loading=\"lazy\" decoding=\"async\" width=\"1024\" height=\"683\" src=\"https:\/\/www.kanzasarl.com\/wp-content\/uploads\/2024\/09\/prestation-de-services-1024x683.jpg\" alt=\"Prestation de services\" class=\"wp-image-905 size-large\" style=\"object-position:50% 50%\" srcset=\"https:\/\/www.kanzasarl.com\/wp-content\/uploads\/2024\/09\/prestation-de-services-1024x683.jpg 1024w, https:\/\/www.kanzasarl.com\/wp-content\/uploads\/2024\/09\/prestation-de-services-300x200.jpg 300w, https:\/\/www.kanzasarl.com\/wp-content\/uploads\/2024\/09\/prestation-de-services-768x512.jpg 768w, https:\/\/www.kanzasarl.com\/wp-content\/uploads\/2024\/09\/prestation-de-services-18x12.jpg 18w, https:\/\/www.kanzasarl.com\/wp-content\/uploads\/2024\/09\/prestation-de-services.jpg 1500w\" sizes=\"auto, (max-width: 1024px) 100vw, 1024px\" \/><\/figure><div class=\"wp-block-media-text__content\">\n<h3 class=\"wp-block-heading has-accent-3-color has-text-color has-link-color wp-elements-652c4366a7c31ccb36f4f978135e8ac4\">Provision of services<\/h3>\n\n\n\n<p><\/p>\n<\/div><\/div>\n\n\n\n<div class=\"wp-block-media-text alignwide has-media-on-the-right is-stacked-on-mobile is-image-fill-element transitable transitable-vers-droite\" style=\"padding-right:0;padding-left:0;grid-template-columns:auto 40%\"><div class=\"wp-block-media-text__content\">\n<h3 class=\"wp-block-heading has-accent-3-color has-text-color has-link-color wp-elements-498205205ec42d3274ad6e92126f1d5e\">Plumbing<\/h3>\n\n\n\n<p><\/p>\n<\/div><figure class=\"wp-block-media-text__media\"><img loading=\"lazy\" decoding=\"async\" width=\"1000\" height=\"667\" src=\"https:\/\/www.kanzasarl.com\/wp-content\/uploads\/2024\/09\/plomberie.jpg\" alt=\"services Plomberie\" class=\"wp-image-818 size-large\" style=\"object-position:50% 50%\" srcset=\"https:\/\/www.kanzasarl.com\/wp-content\/uploads\/2024\/09\/plomberie.jpg 1000w, https:\/\/www.kanzasarl.com\/wp-content\/uploads\/2024\/09\/plomberie-300x200.jpg 300w, https:\/\/www.kanzasarl.com\/wp-content\/uploads\/2024\/09\/plomberie-768x512.jpg 768w\" sizes=\"auto, (max-width: 1000px) 100vw, 1000px\" \/><\/figure><\/div>\n<\/div>","protected":false},"excerpt":{"rendered":"<p>En cons\u00e9quence, peu d&rsquo;entrepreneurs en \u00e9lectricit\u00e9 sont aussi qualifi\u00e9s et offre d&rsquo;autres services que KANZA sarl pour fournir des solutions de haute qualit\u00e9, dans les d\u00e9lais et le budget pr\u00e9vus pour les industries les plus exigeantes. Afin de fournir les avantages de nos connaissances le plus efficacement, nous servons des clients industriels, commerciaux et institutionnels [&hellip;]<\/p>","protected":false},"author":1,"featured_media":0,"parent":704,"menu_order":0,"comment_status":"closed","ping_status":"closed","template":"subpage-services","meta":{"footnotes":""},"class_list":["post-716","page","type-page","status-publish","hentry"],"yoast_head":"<!-- This site is optimized with the Yoast SEO plugin v27.5 - https:\/\/yoast.com\/product\/yoast-seo-wordpress\/ -->\n<title>Autres services - KANZA SARL<\/title>\n<meta name=\"description\" content=\"D\u00e9couvrez les autres services techniques de Kanza SARL : \u00c9nergies renouvelables ,BTP, Chaudronnerie, et plus Contactez-nous d\u00e8s maintenant.\" \/>\n<meta name=\"robots\" content=\"index, follow, max-snippet:-1, max-image-preview:large, max-video-preview:-1\" \/>\n<link rel=\"canonical\" href=\"https:\/\/www.kanzasarl.com\/en\/nos-services\/autres-services\/\" \/>\n<meta property=\"og:locale\" content=\"en_GB\" \/>\n<meta property=\"og:type\" content=\"article\" \/>\n<meta property=\"og:title\" content=\"Autres services - KANZA SARL\" \/>\n<meta property=\"og:description\" content=\"D\u00e9couvrez les autres services techniques de Kanza SARL : \u00c9nergies renouvelables ,BTP, Chaudronnerie, et plus Contactez-nous d\u00e8s maintenant.\" \/>\n<meta property=\"og:url\" content=\"https:\/\/www.kanzasarl.com\/en\/nos-services\/autres-services\/\" \/>\n<meta property=\"og:site_name\" content=\"KANZA SARL\" \/>\n<meta property=\"article:publisher\" content=\"https:\/\/web.facebook.com\/CameroonEnergy\" \/>\n<meta property=\"article:modified_time\" content=\"2025-08-26T14:44:12+00:00\" \/>\n<meta property=\"og:image\" content=\"https:\/\/www.kanzasarl.com\/wp-content\/uploads\/2017\/10\/renewable-energy.jpg\" \/>\n\t<meta property=\"og:image:width\" content=\"1300\" \/>\n\t<meta property=\"og:image:height\" content=\"615\" \/>\n\t<meta property=\"og:image:type\" content=\"image\/jpeg\" \/>\n<meta name=\"twitter:card\" content=\"summary_large_image\" \/>\n<meta name=\"twitter:label1\" content=\"Estimated reading time\" \/>\n\t<meta name=\"twitter:data1\" content=\"3 minutes\" \/>\n<script type=\"application\/ld+json\" class=\"yoast-schema-graph\">{\"@context\":\"https:\\\/\\\/schema.org\",\"@graph\":[{\"@type\":\"WebPage\",\"@id\":\"https:\\\/\\\/www.kanzasarl.com\\\/nos-services\\\/autres-services\\\/\",\"url\":\"https:\\\/\\\/www.kanzasarl.com\\\/nos-services\\\/autres-services\\\/\",\"name\":\"Autres services - KANZA SARL\",\"isPartOf\":{\"@id\":\"https:\\\/\\\/www.kanzasarl.com\\\/#website\"},\"primaryImageOfPage\":{\"@id\":\"https:\\\/\\\/www.kanzasarl.com\\\/nos-services\\\/autres-services\\\/#primaryimage\"},\"image\":{\"@id\":\"https:\\\/\\\/www.kanzasarl.com\\\/nos-services\\\/autres-services\\\/#primaryimage\"},\"thumbnailUrl\":\"https:\\\/\\\/www.kanzasarl.com\\\/wp-content\\\/uploads\\\/2017\\\/10\\\/renewable-energy-1024x484.jpg\",\"datePublished\":\"2018-06-07T19:41:44+00:00\",\"dateModified\":\"2025-08-26T14:44:12+00:00\",\"description\":\"D\u00e9couvrez les autres services techniques de Kanza SARL : \u00c9nergies renouvelables ,BTP, Chaudronnerie, et plus Contactez-nous d\u00e8s maintenant.\",\"breadcrumb\":{\"@id\":\"https:\\\/\\\/www.kanzasarl.com\\\/nos-services\\\/autres-services\\\/#breadcrumb\"},\"inLanguage\":\"en-GB\",\"potentialAction\":[{\"@type\":\"ReadAction\",\"target\":[\"https:\\\/\\\/www.kanzasarl.com\\\/nos-services\\\/autres-services\\\/\"]}]},{\"@type\":\"ImageObject\",\"inLanguage\":\"en-GB\",\"@id\":\"https:\\\/\\\/www.kanzasarl.com\\\/nos-services\\\/autres-services\\\/#primaryimage\",\"url\":\"https:\\\/\\\/www.kanzasarl.com\\\/wp-content\\\/uploads\\\/2017\\\/10\\\/renewable-energy-1024x484.jpg\",\"contentUrl\":\"https:\\\/\\\/www.kanzasarl.com\\\/wp-content\\\/uploads\\\/2017\\\/10\\\/renewable-energy-1024x484.jpg\"},{\"@type\":\"BreadcrumbList\",\"@id\":\"https:\\\/\\\/www.kanzasarl.com\\\/nos-services\\\/autres-services\\\/#breadcrumb\",\"itemListElement\":[{\"@type\":\"ListItem\",\"position\":1,\"name\":\"Home\",\"item\":\"https:\\\/\\\/www.kanzasarl.com\\\/\"},{\"@type\":\"ListItem\",\"position\":2,\"name\":\"Services\",\"item\":\"https:\\\/\\\/www.kanzasarl.com\\\/nos-services\\\/\"},{\"@type\":\"ListItem\",\"position\":3,\"name\":\"Autres services\"}]},{\"@type\":\"WebSite\",\"@id\":\"https:\\\/\\\/www.kanzasarl.com\\\/#website\",\"url\":\"https:\\\/\\\/www.kanzasarl.com\\\/\",\"name\":\"KANZA SARL\",\"description\":\"\",\"publisher\":{\"@id\":\"https:\\\/\\\/www.kanzasarl.com\\\/#organization\"},\"potentialAction\":[{\"@type\":\"SearchAction\",\"target\":{\"@type\":\"EntryPoint\",\"urlTemplate\":\"https:\\\/\\\/www.kanzasarl.com\\\/?s={search_term_string}\"},\"query-input\":{\"@type\":\"PropertyValueSpecification\",\"valueRequired\":true,\"valueName\":\"search_term_string\"}}],\"inLanguage\":\"en-GB\"},{\"@type\":\"Organization\",\"@id\":\"https:\\\/\\\/www.kanzasarl.com\\\/#organization\",\"name\":\"KANZA SARL\",\"url\":\"https:\\\/\\\/www.kanzasarl.com\\\/\",\"logo\":{\"@type\":\"ImageObject\",\"inLanguage\":\"en-GB\",\"@id\":\"https:\\\/\\\/www.kanzasarl.com\\\/#\\\/schema\\\/logo\\\/image\\\/\",\"url\":\"https:\\\/\\\/www.kanzasarl.com\\\/wp-content\\\/uploads\\\/2025\\\/08\\\/logo.png\",\"contentUrl\":\"https:\\\/\\\/www.kanzasarl.com\\\/wp-content\\\/uploads\\\/2025\\\/08\\\/logo.png\",\"width\":646,\"height\":250,\"caption\":\"KANZA SARL\"},\"image\":{\"@id\":\"https:\\\/\\\/www.kanzasarl.com\\\/#\\\/schema\\\/logo\\\/image\\\/\"},\"sameAs\":[\"https:\\\/\\\/web.facebook.com\\\/CameroonEnergy\",\"https:\\\/\\\/www.instagram.com\\\/kanzasarl\\\/#\"]}]}<\/script>\n<!-- \/ Yoast SEO plugin. -->","yoast_head_json":{"title":"Autres services - KANZA SARL","description":"D\u00e9couvrez les autres services techniques de Kanza SARL : \u00c9nergies renouvelables ,BTP, Chaudronnerie, et plus Contactez-nous d\u00e8s maintenant.","robots":{"index":"index","follow":"follow","max-snippet":"max-snippet:-1","max-image-preview":"max-image-preview:large","max-video-preview":"max-video-preview:-1"},"canonical":"https:\/\/www.kanzasarl.com\/en\/nos-services\/autres-services\/","og_locale":"en_GB","og_type":"article","og_title":"Autres services - KANZA SARL","og_description":"D\u00e9couvrez les autres services techniques de Kanza SARL : \u00c9nergies renouvelables ,BTP, Chaudronnerie, et plus Contactez-nous d\u00e8s maintenant.","og_url":"https:\/\/www.kanzasarl.com\/en\/nos-services\/autres-services\/","og_site_name":"KANZA SARL","article_publisher":"https:\/\/web.facebook.com\/CameroonEnergy","article_modified_time":"2025-08-26T14:44:12+00:00","og_image":[{"width":1300,"height":615,"url":"https:\/\/www.kanzasarl.com\/wp-content\/uploads\/2017\/10\/renewable-energy.jpg","type":"image\/jpeg"}],"twitter_card":"summary_large_image","twitter_misc":{"Estimated reading time":"3 minutes"},"schema":{"@context":"https:\/\/schema.org","@graph":[{"@type":"WebPage","@id":"https:\/\/www.kanzasarl.com\/nos-services\/autres-services\/","url":"https:\/\/www.kanzasarl.com\/nos-services\/autres-services\/","name":"Autres services - KANZA SARL","isPartOf":{"@id":"https:\/\/www.kanzasarl.com\/#website"},"primaryImageOfPage":{"@id":"https:\/\/www.kanzasarl.com\/nos-services\/autres-services\/#primaryimage"},"image":{"@id":"https:\/\/www.kanzasarl.com\/nos-services\/autres-services\/#primaryimage"},"thumbnailUrl":"https:\/\/www.kanzasarl.com\/wp-content\/uploads\/2017\/10\/renewable-energy-1024x484.jpg","datePublished":"2018-06-07T19:41:44+00:00","dateModified":"2025-08-26T14:44:12+00:00","description":"D\u00e9couvrez les autres services techniques de Kanza SARL : \u00c9nergies renouvelables ,BTP, Chaudronnerie, et plus Contactez-nous d\u00e8s maintenant.","breadcrumb":{"@id":"https:\/\/www.kanzasarl.com\/nos-services\/autres-services\/#breadcrumb"},"inLanguage":"en-GB","potentialAction":[{"@type":"ReadAction","target":["https:\/\/www.kanzasarl.com\/nos-services\/autres-services\/"]}]},{"@type":"ImageObject","inLanguage":"en-GB","@id":"https:\/\/www.kanzasarl.com\/nos-services\/autres-services\/#primaryimage","url":"https:\/\/www.kanzasarl.com\/wp-content\/uploads\/2017\/10\/renewable-energy-1024x484.jpg","contentUrl":"https:\/\/www.kanzasarl.com\/wp-content\/uploads\/2017\/10\/renewable-energy-1024x484.jpg"},{"@type":"BreadcrumbList","@id":"https:\/\/www.kanzasarl.com\/nos-services\/autres-services\/#breadcrumb","itemListElement":[{"@type":"ListItem","position":1,"name":"Home","item":"https:\/\/www.kanzasarl.com\/"},{"@type":"ListItem","position":2,"name":"Services","item":"https:\/\/www.kanzasarl.com\/nos-services\/"},{"@type":"ListItem","position":3,"name":"Autres services"}]},{"@type":"WebSite","@id":"https:\/\/www.kanzasarl.com\/#website","url":"https:\/\/www.kanzasarl.com\/","name":"KANZA SARL","description":"","publisher":{"@id":"https:\/\/www.kanzasarl.com\/#organization"},"potentialAction":[{"@type":"SearchAction","target":{"@type":"EntryPoint","urlTemplate":"https:\/\/www.kanzasarl.com\/?s={search_term_string}"},"query-input":{"@type":"PropertyValueSpecification","valueRequired":true,"valueName":"search_term_string"}}],"inLanguage":"en-GB"},{"@type":"Organization","@id":"https:\/\/www.kanzasarl.com\/#organization","name":"KANZA SARL","url":"https:\/\/www.kanzasarl.com\/","logo":{"@type":"ImageObject","inLanguage":"en-GB","@id":"https:\/\/www.kanzasarl.com\/#\/schema\/logo\/image\/","url":"https:\/\/www.kanzasarl.com\/wp-content\/uploads\/2025\/08\/logo.png","contentUrl":"https:\/\/www.kanzasarl.com\/wp-content\/uploads\/2025\/08\/logo.png","width":646,"height":250,"caption":"KANZA SARL"},"image":{"@id":"https:\/\/www.kanzasarl.com\/#\/schema\/logo\/image\/"},"sameAs":["https:\/\/web.facebook.com\/CameroonEnergy","https:\/\/www.instagram.com\/kanzasarl\/#"]}]}},"_links":{"self":[{"href":"https:\/\/www.kanzasarl.com\/en\/wp-json\/wp\/v2\/pages\/716","targetHints":{"allow":["GET"]}}],"collection":[{"href":"https:\/\/www.kanzasarl.com\/en\/wp-json\/wp\/v2\/pages"}],"about":[{"href":"https:\/\/www.kanzasarl.com\/en\/wp-json\/wp\/v2\/types\/page"}],"author":[{"embeddable":true,"href":"https:\/\/www.kanzasarl.com\/en\/wp-json\/wp\/v2\/users\/1"}],"replies":[{"embeddable":true,"href":"https:\/\/www.kanzasarl.com\/en\/wp-json\/wp\/v2\/comments?post=716"}],"version-history":[{"count":7,"href":"https:\/\/www.kanzasarl.com\/en\/wp-json\/wp\/v2\/pages\/716\/revisions"}],"predecessor-version":[{"id":1264,"href":"https:\/\/www.kanzasarl.com\/en\/wp-json\/wp\/v2\/pages\/716\/revisions\/1264"}],"up":[{"embeddable":true,"href":"https:\/\/www.kanzasarl.com\/en\/wp-json\/wp\/v2\/pages\/704"}],"wp:attachment":[{"href":"https:\/\/www.kanzasarl.com\/en\/wp-json\/wp\/v2\/media?parent=716"}],"curies":[{"name":"wp","href":"https:\/\/api.w.org\/{rel}","templated":true}]}}